{"id":410,"date":"2022-03-01T08:58:08","date_gmt":"2022-03-01T08:58:08","guid":{"rendered":"https:\/\/prisonlife.rs\/en\/?page_id=410"},"modified":"2023-11-27T19:38:15","modified_gmt":"2023-11-27T19:38:15","slug":"team-members","status":"publish","type":"page","link":"https:\/\/prisonlife.rs\/en\/team-members\/","title":{"rendered":"Team members"},"content":{"rendered":"<p style=\"text-align: justify;\">The PrisonLIFE project team has previously researched the characteristics of the prison system in Serbia, conduinged numerous comparative, theoretical, and empirical studies, as well as analyses of legal solutions and public policies. The lack of literature on the quality of prison life motivated the team to explore this subject comprehensively. In contrast to their previous fokuses, the project has a broader perspective, with scientific and societal potential.<\/p>\n<p style=\"text-align: justify;\">Led by Dr. Milena Mili\u0107evi\u0107, a senior research associate at the Institute, the team consists of experienced researchers from the Institute for Criminological and Sociological Research in Belgrade and the University of Belgrade \u2013 Faculty of Special Education and Rehabilitation: Dr. Ljeposava Iliji\u0107, Dr. Olivera Pavi\u0107evi\u0107, Dr. Ana Batri\u0107evi\u0107, Dr. Janko Me\u0111edovi\u0107, Dr. Ivana Stevanovi\u0107, MA Aleksandar Stevanovi\u0107, MA Nikola Drndarevi\u0107, and Dr. Sanja \u0106opi\u0107. Their transdisciplinarity enables the integration of knowledge and skills essential for achieving the project&#8217;s goals. As long-term collaborators, the team members have previously dealt with a wide range of areas and topics directly related to the project \u2013 from psychometry and cross-cultural adaptation to criminal law, from criminology and penology to social rehabilitation, victimology, and gender studie.<\/p>\n<p>&nbsp;<\/p>\n<h5>PRINCIPAL INVESTIGATOR<\/h5>\n<table style=\"border-collapse: collapse; width: 23.1994%;\">\n<tbody>\n<tr>\n<td style=\"width: 100%; text-align: left;\"><img loading=\"lazy\" decoding=\"async\" class=\"alignnone wp-image-678 size-large\" src=\"https:\/\/prisonlife.rs\/en\/wp-content\/uploads\/2023\/11\/milicevic.1-1024x1024.png\" alt=\"milicevic.1\" width=\"800\" height=\"800\" srcset=\"https:\/\/prisonlife.rs\/en\/wp-content\/uploads\/2023\/11\/milicevic.1-1024x1024.png 1024w, https:\/\/prisonlife.rs\/en\/wp-content\/uploads\/2023\/11\/milicevic.1-300x300.png 300w, https:\/\/prisonlife.rs\/en\/wp-content\/uploads\/2023\/11\/milicevic.1-150x150.png 150w, https:\/\/prisonlife.rs\/en\/wp-content\/uploads\/2023\/11\/milicevic.1-768x768.png 768w, https:\/\/prisonlife.rs\/en\/wp-content\/uploads\/2023\/11\/milicevic.1.png 1080w\" sizes=\"auto, (max-width: 800px) 100vw, 800px\" \/><\/td>\n<\/tr>\n<tr>\n<td style=\"width: 100%; text-align: center;\"><strong><a href=\"https:\/\/prisonlife.rs\/en\/milena-milicevic-phd\/\">MILENA MILI\u0106EVI\u0106, PHD<\/a><\/strong><\/td>\n<\/tr>\n<\/tbody>\n<\/table>\n<h5 style=\"padding-left: 40px;\"><\/h5>\n<h5>PROJECT\u00a0 TEAM<\/h5>\n<table style=\"border-collapse: collapse; width: 100%; height: 36px;\">\n<tbody>\n<tr style=\"height: 18px;\">\n<td style=\"width: 25%; height: 18px;\"><img loading=\"lazy\" decoding=\"async\" class=\"alignnone wp-image-675 size-large\" src=\"https:\/\/prisonlife.rs\/en\/wp-content\/uploads\/2023\/11\/ilijic.1-1024x1024.png\" alt=\"ilijic.1\" width=\"800\" height=\"800\" srcset=\"https:\/\/prisonlife.rs\/en\/wp-content\/uploads\/2023\/11\/ilijic.1-1024x1024.png 1024w, https:\/\/prisonlife.rs\/en\/wp-content\/uploads\/2023\/11\/ilijic.1-300x300.png 300w, https:\/\/prisonlife.rs\/en\/wp-content\/uploads\/2023\/11\/ilijic.1-150x150.png 150w, https:\/\/prisonlife.rs\/en\/wp-content\/uploads\/2023\/11\/ilijic.1-768x768.png 768w, https:\/\/prisonlife.rs\/en\/wp-content\/uploads\/2023\/11\/ilijic.1.png 1080w\" sizes=\"auto, (max-width: 800px) 100vw, 800px\" \/><\/td>\n<td style=\"width: 25%; height: 18px;\"><img loading=\"lazy\" decoding=\"async\" class=\"alignnone wp-image-679 size-large\" src=\"https:\/\/prisonlife.rs\/en\/wp-content\/uploads\/2023\/11\/olivera.1-1024x1024.png\" alt=\"olivera.1\" width=\"800\" height=\"800\" srcset=\"https:\/\/prisonlife.rs\/en\/wp-content\/uploads\/2023\/11\/olivera.1-1024x1024.png 1024w, https:\/\/prisonlife.rs\/en\/wp-content\/uploads\/2023\/11\/olivera.1-300x300.png 300w, https:\/\/prisonlife.rs\/en\/wp-content\/uploads\/2023\/11\/olivera.1-150x150.png 150w, https:\/\/prisonlife.rs\/en\/wp-content\/uploads\/2023\/11\/olivera.1-768x768.png 768w, https:\/\/prisonlife.rs\/en\/wp-content\/uploads\/2023\/11\/olivera.1.png 1080w\" sizes=\"auto, (max-width: 800px) 100vw, 800px\" \/><\/td>\n<td style=\"width: 25%; height: 18px;\"><img loading=\"lazy\" decoding=\"async\" class=\"alignnone wp-image-683 size-large\" src=\"https:\/\/prisonlife.rs\/en\/wp-content\/uploads\/2023\/11\/batricevic.1-1024x1024.png\" alt=\"batricevic.1\" width=\"800\" height=\"800\" srcset=\"https:\/\/prisonlife.rs\/en\/wp-content\/uploads\/2023\/11\/batricevic.1-1024x1024.png 1024w, https:\/\/prisonlife.rs\/en\/wp-content\/uploads\/2023\/11\/batricevic.1-300x300.png 300w, https:\/\/prisonlife.rs\/en\/wp-content\/uploads\/2023\/11\/batricevic.1-150x150.png 150w, https:\/\/prisonlife.rs\/en\/wp-content\/uploads\/2023\/11\/batricevic.1-768x768.png 768w, https:\/\/prisonlife.rs\/en\/wp-content\/uploads\/2023\/11\/batricevic.1.png 1080w\" sizes=\"auto, (max-width: 800px) 100vw, 800px\" \/><\/td>\n<td style=\"width: 25%; height: 18px;\"><img loading=\"lazy\" decoding=\"async\" class=\"alignnone wp-image-680 size-large\" src=\"https:\/\/prisonlife.rs\/en\/wp-content\/uploads\/2023\/11\/sanja.1-1024x1024.png\" alt=\"sanja.1\" width=\"800\" height=\"800\" srcset=\"https:\/\/prisonlife.rs\/en\/wp-content\/uploads\/2023\/11\/sanja.1-1024x1024.png 1024w, https:\/\/prisonlife.rs\/en\/wp-content\/uploads\/2023\/11\/sanja.1-300x300.png 300w, https:\/\/prisonlife.rs\/en\/wp-content\/uploads\/2023\/11\/sanja.1-150x150.png 150w, https:\/\/prisonlife.rs\/en\/wp-content\/uploads\/2023\/11\/sanja.1-768x768.png 768w, https:\/\/prisonlife.rs\/en\/wp-content\/uploads\/2023\/11\/sanja.1.png 1080w\" sizes=\"auto, (max-width: 800px) 100vw, 800px\" \/><\/td>\n<\/tr>\n<tr style=\"height: 18px;\">\n<td style=\"width: 25%; height: 18px; text-align: center;\"><strong><a href=\"https:\/\/prisonlife.rs\/en\/ljeposava-ilijic\/\">LJEPOSAVA ILIJI\u0106, PHD<\/a><\/strong><\/td>\n<td style=\"width: 25%; height: 18px; text-align: center;\"><strong><a href=\"https:\/\/prisonlife.rs\/en\/olivera-pavicevic\/\">OLIVERA PAVI\u0106EVI\u0106, PHD<\/a><\/strong><\/td>\n<td style=\"width: 25%; height: 18px; text-align: center;\"><strong><a href=\"https:\/\/prisonlife.rs\/en\/ana-batricevic\/\">ANA BATRI\u0106EVI\u0106, PHD<\/a><\/strong><\/td>\n<td style=\"width: 25%; height: 18px; text-align: center;\"><strong><a href=\"https:\/\/prisonlife.rs\/en\/sanja-copic\/\">SANJA \u0106OPI\u0106, PHD<\/a><\/strong><\/td>\n<\/tr>\n<\/tbody>\n<\/table>\n<p>&nbsp;<\/p>\n<table style=\"border-collapse: collapse; width: 100%; height: 36px;\">\n<tbody>\n<tr style=\"height: 18px;\">\n<td style=\"width: 25%; height: 18px;\"><img loading=\"lazy\" decoding=\"async\" class=\"alignnone wp-image-676 size-large\" src=\"https:\/\/prisonlife.rs\/en\/wp-content\/uploads\/2023\/11\/ivana-stevanovic.1-1024x1024.png\" alt=\"ivana-stevanovic.1\" width=\"800\" height=\"800\" srcset=\"https:\/\/prisonlife.rs\/en\/wp-content\/uploads\/2023\/11\/ivana-stevanovic.1-1024x1024.png 1024w, https:\/\/prisonlife.rs\/en\/wp-content\/uploads\/2023\/11\/ivana-stevanovic.1-300x300.png 300w, https:\/\/prisonlife.rs\/en\/wp-content\/uploads\/2023\/11\/ivana-stevanovic.1-150x150.png 150w, https:\/\/prisonlife.rs\/en\/wp-content\/uploads\/2023\/11\/ivana-stevanovic.1-768x768.png 768w, https:\/\/prisonlife.rs\/en\/wp-content\/uploads\/2023\/11\/ivana-stevanovic.1.png 1080w\" sizes=\"auto, (max-width: 800px) 100vw, 800px\" \/><\/td>\n<td style=\"width: 25%; height: 18px;\"><img loading=\"lazy\" decoding=\"async\" class=\"alignnone wp-image-677 size-large\" src=\"https:\/\/prisonlife.rs\/en\/wp-content\/uploads\/2023\/11\/medjedovic.1-1024x1024.png\" alt=\"medjedovic.1\" width=\"800\" height=\"800\" srcset=\"https:\/\/prisonlife.rs\/en\/wp-content\/uploads\/2023\/11\/medjedovic.1-1024x1024.png 1024w, https:\/\/prisonlife.rs\/en\/wp-content\/uploads\/2023\/11\/medjedovic.1-300x300.png 300w, https:\/\/prisonlife.rs\/en\/wp-content\/uploads\/2023\/11\/medjedovic.1-150x150.png 150w, https:\/\/prisonlife.rs\/en\/wp-content\/uploads\/2023\/11\/medjedovic.1-768x768.png 768w, https:\/\/prisonlife.rs\/en\/wp-content\/uploads\/2023\/11\/medjedovic.1.png 1080w\" sizes=\"auto, (max-width: 800px) 100vw, 800px\" \/><\/td>\n<td style=\"width: 25%; height: 18px;\"><img loading=\"lazy\" decoding=\"async\" class=\"alignnone wp-image-682 size-large\" src=\"https:\/\/prisonlife.rs\/en\/wp-content\/uploads\/2023\/11\/aleksandar-stevanovic.1-1024x1024.png\" alt=\"aleksandar-stevanovic.1\" width=\"800\" height=\"800\" srcset=\"https:\/\/prisonlife.rs\/en\/wp-content\/uploads\/2023\/11\/aleksandar-stevanovic.1-1024x1024.png 1024w, https:\/\/prisonlife.rs\/en\/wp-content\/uploads\/2023\/11\/aleksandar-stevanovic.1-300x300.png 300w, https:\/\/prisonlife.rs\/en\/wp-content\/uploads\/2023\/11\/aleksandar-stevanovic.1-150x150.png 150w, https:\/\/prisonlife.rs\/en\/wp-content\/uploads\/2023\/11\/aleksandar-stevanovic.1-768x768.png 768w, https:\/\/prisonlife.rs\/en\/wp-content\/uploads\/2023\/11\/aleksandar-stevanovic.1.png 1080w\" sizes=\"auto, (max-width: 800px) 100vw, 800px\" \/><\/td>\n<td style=\"width: 25%; height: 18px;\"><img loading=\"lazy\" decoding=\"async\" class=\"alignnone wp-image-674 size-large\" src=\"https:\/\/prisonlife.rs\/en\/wp-content\/uploads\/2023\/11\/drndarevic.1-1024x1024.png\" alt=\"drndarevic.1\" width=\"800\" height=\"800\" srcset=\"https:\/\/prisonlife.rs\/en\/wp-content\/uploads\/2023\/11\/drndarevic.1-1024x1024.png 1024w, https:\/\/prisonlife.rs\/en\/wp-content\/uploads\/2023\/11\/drndarevic.1-300x300.png 300w, https:\/\/prisonlife.rs\/en\/wp-content\/uploads\/2023\/11\/drndarevic.1-150x150.png 150w, https:\/\/prisonlife.rs\/en\/wp-content\/uploads\/2023\/11\/drndarevic.1-768x768.png 768w, https:\/\/prisonlife.rs\/en\/wp-content\/uploads\/2023\/11\/drndarevic.1.png 1080w\" sizes=\"auto, (max-width: 800px) 100vw, 800px\" \/><\/td>\n<\/tr>\n<tr style=\"height: 18px;\">\n<td style=\"width: 25%; height: 18px; text-align: center;\"><strong>I<a href=\"https:\/\/prisonlife.rs\/en\/ivana-stevanovic\/\">VANA STEVANOVI\u0106, PHD<\/a><\/strong><\/td>\n<td style=\"width: 25%; height: 18px; text-align: center;\"><strong><a href=\"https:\/\/prisonlife.rs\/en\/janko-mededovic\/\">JANKO ME\u0110EDOVI\u0106, PHD<\/a><\/strong><\/td>\n<td style=\"width: 25%; height: 18px; text-align: center;\"><strong><a href=\"https:\/\/prisonlife.rs\/en\/aleksandar-stevanovic\/\">A<\/a><a href=\"https:\/\/prisonlife.rs\/en\/aleksandar-stevanovic\/\">LEKSANDAR STEVANOVI\u0106, MA<\/a><\/strong><\/td>\n<td style=\"width: 25%; height: 18px; text-align: center;\"><strong><a href=\"https:\/\/prisonlife.rs\/en\/nikola-drndarevic\/\">NIKOLA DRNDAREVI\u0106, MA<\/a><\/strong><\/td>\n<\/tr>\n<\/tbody>\n<\/table>\n<p>&nbsp;<\/p>\n","protected":false},"excerpt":{"rendered":"<p>The PrisonLIFE project team has previously researched the characteristics of the prison system in Serbia, conduinged numerous comparative, theoretical, and empirical studies, as well as analyses of legal solutions and &#8230;<\/p>\n","protected":false},"author":1,"featured_media":370,"parent":0,"menu_order":0,"comment_status":"closed","ping_status":"closed","template":"","meta":{"_monsterinsights_skip_tracking":false,"_monsterinsights_sitenote_active":false,"_monsterinsights_sitenote_note":"","_monsterinsights_sitenote_category":0,"footnotes":""},"class_list":["post-410","page","type-page","status-publish","has-post-thumbnail","hentry"],"aioseo_notices":[],"yoast_head":"<title>Team members - PrisonLIFE<\/title>\n<meta name=\"description\" content=\"The PrisonLIFE project team has previously dealt with the characteristics of the prison system in our country. The project team members have conducted numerous comparative, theoretical, and empirical studies and studies focused on changes in legal solutions and public policies. The lack of literature on the quality of prison life and its assessment, monitoring, and change has motivated the PrisonLIFE project team to explore this subject comprehensively. Unlike the previous scientific-research experience of the team members, which mainly referred to particular characteristics of the execution of a prison sentence, the PrisonLIFE project includes a broader perspective and has scientific and social potential, with a normative dimension.\" \/>\n<meta name=\"robots\" content=\"index, follow, max-snippet:-1, max-image-preview:large, max-video-preview:-1\" \/>\n<link rel=\"canonical\" href=\"https:\/\/prisonlife.rs\/en\/team-members\/\" \/>\n<meta property=\"og:locale\" content=\"en_US\" \/>\n<meta property=\"og:type\" content=\"article\" \/>\n<meta property=\"og:title\" content=\"Team members - PrisonLIFE\" \/>\n<meta property=\"og:description\" content=\"The PrisonLIFE project team has previously dealt with the characteristics of the prison system in our country. The project team members have conducted numerous comparative, theoretical, and empirical studies and studies focused on changes in legal solutions and public policies. The lack of literature on the quality of prison life and its assessment, monitoring, and change has motivated the PrisonLIFE project team to explore this subject comprehensively. Unlike the previous scientific-research experience of the team members, which mainly referred to particular characteristics of the execution of a prison sentence, the PrisonLIFE project includes a broader perspective and has scientific and social potential, with a normative dimension.\" \/>\n<meta property=\"og:url\" content=\"https:\/\/prisonlife.rs\/en\/team-members\/\" \/>\n<meta property=\"og:site_name\" content=\"PrisonLIFE\" \/>\n<meta property=\"article:modified_time\" content=\"2023-11-27T19:38:15+00:00\" \/>\n<meta property=\"og:image\" content=\"https:\/\/prisonlife.rs\/en\/wp-content\/uploads\/2022\/02\/PrisonLIFE_logo_en_color_dark_web1.png\" \/>\n\t<meta property=\"og:image:width\" content=\"156\" \/>\n\t<meta property=\"og:image:height\" content=\"71\" \/>\n\t<meta property=\"og:image:type\" content=\"image\/png\" \/>\n<meta name=\"twitter:card\" content=\"summary_large_image\" \/>\n<meta name=\"twitter:label1\" content=\"Est. reading time\" \/>\n\t<meta name=\"twitter:data1\" content=\"3 minutes\" \/>\n<script type=\"application\/ld+json\" class=\"yoast-schema-graph\">{\"@context\":\"https:\\\/\\\/schema.org\",\"@graph\":[{\"@type\":\"WebPage\",\"@id\":\"https:\\\/\\\/prisonlife.rs\\\/en\\\/team-members\\\/\",\"url\":\"https:\\\/\\\/prisonlife.rs\\\/en\\\/team-members\\\/\",\"name\":\"Team members - PrisonLIFE\",\"isPartOf\":{\"@id\":\"https:\\\/\\\/prisonlife.rs\\\/en\\\/#website\"},\"primaryImageOfPage\":{\"@id\":\"https:\\\/\\\/prisonlife.rs\\\/en\\\/team-members\\\/#primaryimage\"},\"image\":{\"@id\":\"https:\\\/\\\/prisonlife.rs\\\/en\\\/team-members\\\/#primaryimage\"},\"thumbnailUrl\":\"https:\\\/\\\/prisonlife.rs\\\/en\\\/wp-content\\\/uploads\\\/2022\\\/02\\\/PrisonLIFE_logo_en_color_dark_web1.png\",\"datePublished\":\"2022-03-01T08:58:08+00:00\",\"dateModified\":\"2023-11-27T19:38:15+00:00\",\"description\":\"The PrisonLIFE project team has previously dealt with the characteristics of the prison system in our country. The project team members have conducted numerous comparative, theoretical, and empirical studies and studies focused on changes in legal solutions and public policies. The lack of literature on the quality of prison life and its assessment, monitoring, and change has motivated the PrisonLIFE project team to explore this subject comprehensively. Unlike the previous scientific-research experience of the team members, which mainly referred to particular characteristics of the execution of a prison sentence, the PrisonLIFE project includes a broader perspective and has scientific and social potential, with a normative dimension.\",\"breadcrumb\":{\"@id\":\"https:\\\/\\\/prisonlife.rs\\\/en\\\/team-members\\\/#breadcrumb\"},\"inLanguage\":\"en-US\",\"potentialAction\":[{\"@type\":\"ReadAction\",\"target\":[\"https:\\\/\\\/prisonlife.rs\\\/en\\\/team-members\\\/\"]}]},{\"@type\":\"ImageObject\",\"inLanguage\":\"en-US\",\"@id\":\"https:\\\/\\\/prisonlife.rs\\\/en\\\/team-members\\\/#primaryimage\",\"url\":\"https:\\\/\\\/prisonlife.rs\\\/en\\\/wp-content\\\/uploads\\\/2022\\\/02\\\/PrisonLIFE_logo_en_color_dark_web1.png\",\"contentUrl\":\"https:\\\/\\\/prisonlife.rs\\\/en\\\/wp-content\\\/uploads\\\/2022\\\/02\\\/PrisonLIFE_logo_en_color_dark_web1.png\",\"width\":156,\"height\":71,\"caption\":\"PrisonLIFE_logo\"},{\"@type\":\"BreadcrumbList\",\"@id\":\"https:\\\/\\\/prisonlife.rs\\\/en\\\/team-members\\\/#breadcrumb\",\"itemListElement\":[{\"@type\":\"ListItem\",\"position\":1,\"name\":\"Home\",\"item\":\"https:\\\/\\\/prisonlife.rs\\\/en\\\/\"},{\"@type\":\"ListItem\",\"position\":2,\"name\":\"Team members\"}]},{\"@type\":\"WebSite\",\"@id\":\"https:\\\/\\\/prisonlife.rs\\\/en\\\/#website\",\"url\":\"https:\\\/\\\/prisonlife.rs\\\/en\\\/\",\"name\":\"PrisonLIFE\",\"description\":\" \",\"publisher\":{\"@id\":\"https:\\\/\\\/prisonlife.rs\\\/en\\\/#organization\"},\"potentialAction\":[{\"@type\":\"SearchAction\",\"target\":{\"@type\":\"EntryPoint\",\"urlTemplate\":\"https:\\\/\\\/prisonlife.rs\\\/en\\\/?s={search_term_string}\"},\"query-input\":{\"@type\":\"PropertyValueSpecification\",\"valueRequired\":true,\"valueName\":\"search_term_string\"}}],\"inLanguage\":\"en-US\"},{\"@type\":\"Organization\",\"@id\":\"https:\\\/\\\/prisonlife.rs\\\/en\\\/#organization\",\"name\":\"PrisonLIFE\",\"url\":\"https:\\\/\\\/prisonlife.rs\\\/en\\\/\",\"logo\":{\"@type\":\"ImageObject\",\"inLanguage\":\"en-US\",\"@id\":\"https:\\\/\\\/prisonlife.rs\\\/en\\\/#\\\/schema\\\/logo\\\/image\\\/\",\"url\":\"https:\\\/\\\/prisonlife.rs\\\/en\\\/wp-content\\\/uploads\\\/2022\\\/02\\\/PrisonLIFE_logo_en_color_dark_web1.png\",\"contentUrl\":\"https:\\\/\\\/prisonlife.rs\\\/en\\\/wp-content\\\/uploads\\\/2022\\\/02\\\/PrisonLIFE_logo_en_color_dark_web1.png\",\"width\":156,\"height\":71,\"caption\":\"PrisonLIFE\"},\"image\":{\"@id\":\"https:\\\/\\\/prisonlife.rs\\\/en\\\/#\\\/schema\\\/logo\\\/image\\\/\"}}]}<\/script>","yoast_head_json":{"title":"Team members - PrisonLIFE","description":"The PrisonLIFE project team has previously dealt with the characteristics of the prison system in our country. The project team members have conducted numerous comparative, theoretical, and empirical studies and studies focused on changes in legal solutions and public policies. The lack of literature on the quality of prison life and its assessment, monitoring, and change has motivated the PrisonLIFE project team to explore this subject comprehensively. Unlike the previous scientific-research experience of the team members, which mainly referred to particular characteristics of the execution of a prison sentence, the PrisonLIFE project includes a broader perspective and has scientific and social potential, with a normative dimension.","robots":{"index":"index","follow":"follow","max-snippet":"max-snippet:-1","max-image-preview":"max-image-preview:large","max-video-preview":"max-video-preview:-1"},"canonical":"https:\/\/prisonlife.rs\/en\/team-members\/","og_locale":"en_US","og_type":"article","og_title":"Team members - PrisonLIFE","og_description":"The PrisonLIFE project team has previously dealt with the characteristics of the prison system in our country. The project team members have conducted numerous comparative, theoretical, and empirical studies and studies focused on changes in legal solutions and public policies. The lack of literature on the quality of prison life and its assessment, monitoring, and change has motivated the PrisonLIFE project team to explore this subject comprehensively. Unlike the previous scientific-research experience of the team members, which mainly referred to particular characteristics of the execution of a prison sentence, the PrisonLIFE project includes a broader perspective and has scientific and social potential, with a normative dimension.","og_url":"https:\/\/prisonlife.rs\/en\/team-members\/","og_site_name":"PrisonLIFE","article_modified_time":"2023-11-27T19:38:15+00:00","og_image":[{"width":156,"height":71,"url":"https:\/\/prisonlife.rs\/en\/wp-content\/uploads\/2022\/02\/PrisonLIFE_logo_en_color_dark_web1.png","type":"image\/png"}],"twitter_card":"summary_large_image","twitter_misc":{"Est. reading time":"3 minutes"},"schema":{"@context":"https:\/\/schema.org","@graph":[{"@type":"WebPage","@id":"https:\/\/prisonlife.rs\/en\/team-members\/","url":"https:\/\/prisonlife.rs\/en\/team-members\/","name":"Team members - PrisonLIFE","isPartOf":{"@id":"https:\/\/prisonlife.rs\/en\/#website"},"primaryImageOfPage":{"@id":"https:\/\/prisonlife.rs\/en\/team-members\/#primaryimage"},"image":{"@id":"https:\/\/prisonlife.rs\/en\/team-members\/#primaryimage"},"thumbnailUrl":"https:\/\/prisonlife.rs\/en\/wp-content\/uploads\/2022\/02\/PrisonLIFE_logo_en_color_dark_web1.png","datePublished":"2022-03-01T08:58:08+00:00","dateModified":"2023-11-27T19:38:15+00:00","description":"The PrisonLIFE project team has previously dealt with the characteristics of the prison system in our country. The project team members have conducted numerous comparative, theoretical, and empirical studies and studies focused on changes in legal solutions and public policies. The lack of literature on the quality of prison life and its assessment, monitoring, and change has motivated the PrisonLIFE project team to explore this subject comprehensively. Unlike the previous scientific-research experience of the team members, which mainly referred to particular characteristics of the execution of a prison sentence, the PrisonLIFE project includes a broader perspective and has scientific and social potential, with a normative dimension.","breadcrumb":{"@id":"https:\/\/prisonlife.rs\/en\/team-members\/#breadcrumb"},"inLanguage":"en-US","potentialAction":[{"@type":"ReadAction","target":["https:\/\/prisonlife.rs\/en\/team-members\/"]}]},{"@type":"ImageObject","inLanguage":"en-US","@id":"https:\/\/prisonlife.rs\/en\/team-members\/#primaryimage","url":"https:\/\/prisonlife.rs\/en\/wp-content\/uploads\/2022\/02\/PrisonLIFE_logo_en_color_dark_web1.png","contentUrl":"https:\/\/prisonlife.rs\/en\/wp-content\/uploads\/2022\/02\/PrisonLIFE_logo_en_color_dark_web1.png","width":156,"height":71,"caption":"PrisonLIFE_logo"},{"@type":"BreadcrumbList","@id":"https:\/\/prisonlife.rs\/en\/team-members\/#breadcrumb","itemListElement":[{"@type":"ListItem","position":1,"name":"Home","item":"https:\/\/prisonlife.rs\/en\/"},{"@type":"ListItem","position":2,"name":"Team members"}]},{"@type":"WebSite","@id":"https:\/\/prisonlife.rs\/en\/#website","url":"https:\/\/prisonlife.rs\/en\/","name":"PrisonLIFE","description":" ","publisher":{"@id":"https:\/\/prisonlife.rs\/en\/#organization"},"potentialAction":[{"@type":"SearchAction","target":{"@type":"EntryPoint","urlTemplate":"https:\/\/prisonlife.rs\/en\/?s={search_term_string}"},"query-input":{"@type":"PropertyValueSpecification","valueRequired":true,"valueName":"search_term_string"}}],"inLanguage":"en-US"},{"@type":"Organization","@id":"https:\/\/prisonlife.rs\/en\/#organization","name":"PrisonLIFE","url":"https:\/\/prisonlife.rs\/en\/","logo":{"@type":"ImageObject","inLanguage":"en-US","@id":"https:\/\/prisonlife.rs\/en\/#\/schema\/logo\/image\/","url":"https:\/\/prisonlife.rs\/en\/wp-content\/uploads\/2022\/02\/PrisonLIFE_logo_en_color_dark_web1.png","contentUrl":"https:\/\/prisonlife.rs\/en\/wp-content\/uploads\/2022\/02\/PrisonLIFE_logo_en_color_dark_web1.png","width":156,"height":71,"caption":"PrisonLIFE"},"image":{"@id":"https:\/\/prisonlife.rs\/en\/#\/schema\/logo\/image\/"}}]}},"post_mailing_queue_ids":[],"_links":{"self":[{"href":"https:\/\/prisonlife.rs\/en\/wp-json\/wp\/v2\/pages\/410","targetHints":{"allow":["GET"]}}],"collection":[{"href":"https:\/\/prisonlife.rs\/en\/wp-json\/wp\/v2\/pages"}],"about":[{"href":"https:\/\/prisonlife.rs\/en\/wp-json\/wp\/v2\/types\/page"}],"author":[{"embeddable":true,"href":"https:\/\/prisonlife.rs\/en\/wp-json\/wp\/v2\/users\/1"}],"replies":[{"embeddable":true,"href":"https:\/\/prisonlife.rs\/en\/wp-json\/wp\/v2\/comments?post=410"}],"version-history":[{"count":0,"href":"https:\/\/prisonlife.rs\/en\/wp-json\/wp\/v2\/pages\/410\/revisions"}],"wp:featuredmedia":[{"embeddable":true,"href":"https:\/\/prisonlife.rs\/en\/wp-json\/wp\/v2\/media\/370"}],"wp:attachment":[{"href":"https:\/\/prisonlife.rs\/en\/wp-json\/wp\/v2\/media?parent=410"}],"curies":[{"name":"wp","href":"https:\/\/api.w.org\/{rel}","templated":true}]}}