{"id":425,"date":"2022-03-01T09:34:31","date_gmt":"2022-03-01T09:34:31","guid":{"rendered":"https:\/\/prisonlife.rs\/en\/?page_id=425"},"modified":"2023-11-27T19:40:51","modified_gmt":"2023-11-27T19:40:51","slug":"milena-milicevic-phd","status":"publish","type":"page","link":"https:\/\/prisonlife.rs\/en\/milena-milicevic-phd\/","title":{"rendered":"Milena Mili\u0107evi\u0107"},"content":{"rendered":"<p><strong>PRINCIPAL INVESTIGATOR<\/strong><br \/>\n<strong>Milena Mili\u0107evi\u0107, PhD, senior research associate, Institute for Criminological and Sociological Research, Belgrade<\/strong><\/p>\n<p>Project role and skills:<\/p>\n<p style=\"text-align: justify;\">As the leader of the PrisonLIFE project team, Milena Mili\u0107evi\u0107 contributes to the project with her expertise in social integration, participation, and the quality of life for marginalized and vulnerable groups, as well as in the assessment, monitoring, and measurement of these constructs. Possessing broad professional skills crucial for understanding and interpreting research findings, her pioneering research in these areas has resulted in publications in international and national journals. Additionally, she is a co-editor for a national journal<em>, Journal of the Institute of Criminological and Sociological Research<\/em>.<\/p>\n<p style=\"text-align: justify;\">In addition to leading and coordinating the PrisonLIFE project, Milena Mili\u0107evi\u0107 oversees the cultural adaptation and development of the MQPL scale in the Serbian language. She participates in testing the content validity of the MQPL scale in Serbian and investigates the quality of prison life for the general prison population and the population of female convicts in Serbia, exploring the correlation between the quality of prison life, the subjective well-being, and the welfare of the convicted individuals. Furthermore, she is responsible for producing a series of podcast episodes.<\/p>\n<p>Link : | <a href=\"https:\/\/orcid.org\/0000-0001-8344-5504\" target=\"_blank\" rel=\"noopener\">ORCHID.ORG<\/a> | <a href=\"http:\/\/www.researcherid.com\/rid\/E-6375-2012\" target=\"_blank\" rel=\"noopener\">RESEARCHER ID<\/a> | <a href=\"http:\/\/www.researchgate.net\/profile\/Milena_Milicevic2\" target=\"_blank\" rel=\"noopener\">RESEARCH GATE<\/a> | <a href=\"https:\/\/scholar.google.com\/citations?user=BZyZ578AAAAJ&amp;hl=en\" target=\"_blank\" rel=\"noopener\">SCHOLAR GOOGLE<\/a> | <a href=\"https:\/\/www.linkedin.com\/in\/milena-mili%C4%87evi%C4%87-b019a887\/\" target=\"_blank\" rel=\"noopener\">LINKEDIN<\/a> |<\/p>\n","protected":false},"excerpt":{"rendered":"<p>PRINCIPAL INVESTIGATOR Milena Mili\u0107evi\u0107, PhD, senior research associate, Institute for Criminological and Sociological Research, Belgrade Project role and skills: As the leader of the PrisonLIFE project team, Milena Mili\u0107evi\u0107 contributes &#8230;<\/p>\n","protected":false},"author":1,"featured_media":678,"parent":0,"menu_order":0,"comment_status":"closed","ping_status":"closed","template":"","meta":{"_monsterinsights_skip_tracking":false,"_monsterinsights_sitenote_active":false,"_monsterinsights_sitenote_note":"","_monsterinsights_sitenote_category":0,"footnotes":""},"class_list":["post-425","page","type-page","status-publish","has-post-thumbnail","hentry"],"aioseo_notices":[],"yoast_head":"<title>Milena Mili\u0107evi\u0107 - PrisonLIFE<\/title>\n<meta name=\"description\" content=\"As the leader of the PrisonLIFE project team, Milena Mili\u0107evi\u0107 contributes to the project with her expertise in social integration, participation, and the quality of life for marginalized and vulnerable groups.\" \/>\n<meta name=\"robots\" content=\"index, follow, max-snippet:-1, max-image-preview:large, max-video-preview:-1\" \/>\n<link rel=\"canonical\" href=\"https:\/\/prisonlife.rs\/en\/milena-milicevic-phd\/\" \/>\n<meta property=\"og:locale\" content=\"en_US\" \/>\n<meta property=\"og:type\" content=\"article\" \/>\n<meta property=\"og:title\" content=\"Milena Mili\u0107evi\u0107\" \/>\n<meta property=\"og:description\" content=\"Milena Mili\u0107evi\u0107, PhD, research associate, has introduced the concept of family quality of life, social inclusion and participation of vulnerable groups and culturally and linguistically adapted and implemented numerous innovative instruments. With her latest research in the personal characteristics of a population of convicted persons, she will make a strong contribution to successful project implementation. With her pioneering, authentic and diverse research work, she has achieved outstanding results, reflected in scientific papers in international and national journals. She is a member of numerous councils and associations and has extensive professional skills crucial for understanding and interpreting research findings. She is the co-editor of the\u00a0Journal of the Institute of Criminological and Sociological Research.\" \/>\n<meta property=\"og:url\" content=\"https:\/\/prisonlife.rs\/en\/milena-milicevic-phd\/\" \/>\n<meta property=\"og:site_name\" content=\"PrisonLIFE\" \/>\n<meta property=\"article:modified_time\" content=\"2023-11-27T19:40:51+00:00\" \/>\n<meta property=\"og:image\" content=\"https:\/\/prisonlife.rs\/en\/wp-content\/uploads\/2023\/02\/milicevic.1.jpg\" \/>\n\t<meta property=\"og:image:width\" content=\"1080\" \/>\n\t<meta property=\"og:image:height\" content=\"1080\" \/>\n\t<meta property=\"og:image:type\" content=\"image\/jpeg\" \/>\n<meta name=\"twitter:card\" content=\"summary_large_image\" \/>\n<meta name=\"twitter:title\" content=\"Milena Mili\u0107evi\u0107\" \/>\n<meta name=\"twitter:description\" content=\"Milena Mili\u0107evi\u0107, PhD, research associate, has introduced the concept of family quality of life, social inclusion and participation of vulnerable groups and culturally and linguistically adapted and implemented numerous innovative instruments. With her latest research in the personal characteristics of a population of convicted persons, she will make a strong contribution to successful project implementation. With her pioneering, authentic and diverse research work, she has achieved outstanding results, reflected in scientific papers in international and national journals. She is a member of numerous councils and associations and has extensive professional skills crucial for understanding and interpreting research findings. She is the co-editor of the\u00a0Journal of the Institute of Criminological and Sociological Research.\" \/>\n<meta name=\"twitter:image\" content=\"https:\/\/prisonlife.rs\/en\/wp-content\/uploads\/2023\/02\/milicevic.1.jpg\" \/>\n<meta name=\"twitter:label1\" content=\"Est. reading time\" \/>\n\t<meta name=\"twitter:data1\" content=\"1 minute\" \/>\n<script type=\"application\/ld+json\" class=\"yoast-schema-graph\">{\"@context\":\"https:\\\/\\\/schema.org\",\"@graph\":[{\"@type\":\"WebPage\",\"@id\":\"https:\\\/\\\/prisonlife.rs\\\/en\\\/milena-milicevic-phd\\\/\",\"url\":\"https:\\\/\\\/prisonlife.rs\\\/en\\\/milena-milicevic-phd\\\/\",\"name\":\"Milena Mili\u0107evi\u0107 - PrisonLIFE\",\"isPartOf\":{\"@id\":\"https:\\\/\\\/prisonlife.rs\\\/en\\\/#website\"},\"primaryImageOfPage\":{\"@id\":\"https:\\\/\\\/prisonlife.rs\\\/en\\\/milena-milicevic-phd\\\/#primaryimage\"},\"image\":{\"@id\":\"https:\\\/\\\/prisonlife.rs\\\/en\\\/milena-milicevic-phd\\\/#primaryimage\"},\"thumbnailUrl\":\"https:\\\/\\\/prisonlife.rs\\\/en\\\/wp-content\\\/uploads\\\/2023\\\/11\\\/milicevic.1.png\",\"datePublished\":\"2022-03-01T09:34:31+00:00\",\"dateModified\":\"2023-11-27T19:40:51+00:00\",\"description\":\"As the leader of the PrisonLIFE project team, Milena Mili\u0107evi\u0107 contributes to the project with her expertise in social integration, participation, and the quality of life for marginalized and vulnerable groups.\",\"breadcrumb\":{\"@id\":\"https:\\\/\\\/prisonlife.rs\\\/en\\\/milena-milicevic-phd\\\/#breadcrumb\"},\"inLanguage\":\"en-US\",\"potentialAction\":[{\"@type\":\"ReadAction\",\"target\":[\"https:\\\/\\\/prisonlife.rs\\\/en\\\/milena-milicevic-phd\\\/\"]}]},{\"@type\":\"ImageObject\",\"inLanguage\":\"en-US\",\"@id\":\"https:\\\/\\\/prisonlife.rs\\\/en\\\/milena-milicevic-phd\\\/#primaryimage\",\"url\":\"https:\\\/\\\/prisonlife.rs\\\/en\\\/wp-content\\\/uploads\\\/2023\\\/11\\\/milicevic.1.png\",\"contentUrl\":\"https:\\\/\\\/prisonlife.rs\\\/en\\\/wp-content\\\/uploads\\\/2023\\\/11\\\/milicevic.1.png\",\"width\":1080,\"height\":1080,\"caption\":\"milicevic.1\"},{\"@type\":\"BreadcrumbList\",\"@id\":\"https:\\\/\\\/prisonlife.rs\\\/en\\\/milena-milicevic-phd\\\/#breadcrumb\",\"itemListElement\":[{\"@type\":\"ListItem\",\"position\":1,\"name\":\"Home\",\"item\":\"https:\\\/\\\/prisonlife.rs\\\/en\\\/\"},{\"@type\":\"ListItem\",\"position\":2,\"name\":\"Milena Mili\u0107evi\u0107\"}]},{\"@type\":\"WebSite\",\"@id\":\"https:\\\/\\\/prisonlife.rs\\\/en\\\/#website\",\"url\":\"https:\\\/\\\/prisonlife.rs\\\/en\\\/\",\"name\":\"PrisonLIFE\",\"description\":\" \",\"publisher\":{\"@id\":\"https:\\\/\\\/prisonlife.rs\\\/en\\\/#organization\"},\"potentialAction\":[{\"@type\":\"SearchAction\",\"target\":{\"@type\":\"EntryPoint\",\"urlTemplate\":\"https:\\\/\\\/prisonlife.rs\\\/en\\\/?s={search_term_string}\"},\"query-input\":{\"@type\":\"PropertyValueSpecification\",\"valueRequired\":true,\"valueName\":\"search_term_string\"}}],\"inLanguage\":\"en-US\"},{\"@type\":\"Organization\",\"@id\":\"https:\\\/\\\/prisonlife.rs\\\/en\\\/#organization\",\"name\":\"PrisonLIFE\",\"url\":\"https:\\\/\\\/prisonlife.rs\\\/en\\\/\",\"logo\":{\"@type\":\"ImageObject\",\"inLanguage\":\"en-US\",\"@id\":\"https:\\\/\\\/prisonlife.rs\\\/en\\\/#\\\/schema\\\/logo\\\/image\\\/\",\"url\":\"https:\\\/\\\/prisonlife.rs\\\/en\\\/wp-content\\\/uploads\\\/2022\\\/02\\\/PrisonLIFE_logo_en_color_dark_web1.png\",\"contentUrl\":\"https:\\\/\\\/prisonlife.rs\\\/en\\\/wp-content\\\/uploads\\\/2022\\\/02\\\/PrisonLIFE_logo_en_color_dark_web1.png\",\"width\":156,\"height\":71,\"caption\":\"PrisonLIFE\"},\"image\":{\"@id\":\"https:\\\/\\\/prisonlife.rs\\\/en\\\/#\\\/schema\\\/logo\\\/image\\\/\"}}]}<\/script>","yoast_head_json":{"title":"Milena Mili\u0107evi\u0107 - PrisonLIFE","description":"As the leader of the PrisonLIFE project team, Milena Mili\u0107evi\u0107 contributes to the project with her expertise in social integration, participation, and the quality of life for marginalized and vulnerable groups.","robots":{"index":"index","follow":"follow","max-snippet":"max-snippet:-1","max-image-preview":"max-image-preview:large","max-video-preview":"max-video-preview:-1"},"canonical":"https:\/\/prisonlife.rs\/en\/milena-milicevic-phd\/","og_locale":"en_US","og_type":"article","og_title":"Milena Mili\u0107evi\u0107","og_description":"Milena Mili\u0107evi\u0107, PhD, research associate, has introduced the concept of family quality of life, social inclusion and participation of vulnerable groups and culturally and linguistically adapted and implemented numerous innovative instruments. With her latest research in the personal characteristics of a population of convicted persons, she will make a strong contribution to successful project implementation. With her pioneering, authentic and diverse research work, she has achieved outstanding results, reflected in scientific papers in international and national journals. She is a member of numerous councils and associations and has extensive professional skills crucial for understanding and interpreting research findings. She is the co-editor of the\u00a0Journal of the Institute of Criminological and Sociological Research.","og_url":"https:\/\/prisonlife.rs\/en\/milena-milicevic-phd\/","og_site_name":"PrisonLIFE","article_modified_time":"2023-11-27T19:40:51+00:00","og_image":[{"width":1080,"height":1080,"url":"https:\/\/prisonlife.rs\/en\/wp-content\/uploads\/2023\/02\/milicevic.1.jpg","type":"image\/jpeg"}],"twitter_card":"summary_large_image","twitter_title":"Milena Mili\u0107evi\u0107","twitter_description":"Milena Mili\u0107evi\u0107, PhD, research associate, has introduced the concept of family quality of life, social inclusion and participation of vulnerable groups and culturally and linguistically adapted and implemented numerous innovative instruments. With her latest research in the personal characteristics of a population of convicted persons, she will make a strong contribution to successful project implementation. With her pioneering, authentic and diverse research work, she has achieved outstanding results, reflected in scientific papers in international and national journals. She is a member of numerous councils and associations and has extensive professional skills crucial for understanding and interpreting research findings. She is the co-editor of the\u00a0Journal of the Institute of Criminological and Sociological Research.","twitter_image":"https:\/\/prisonlife.rs\/en\/wp-content\/uploads\/2023\/02\/milicevic.1.jpg","twitter_misc":{"Est. reading time":"1 minute"},"schema":{"@context":"https:\/\/schema.org","@graph":[{"@type":"WebPage","@id":"https:\/\/prisonlife.rs\/en\/milena-milicevic-phd\/","url":"https:\/\/prisonlife.rs\/en\/milena-milicevic-phd\/","name":"Milena Mili\u0107evi\u0107 - PrisonLIFE","isPartOf":{"@id":"https:\/\/prisonlife.rs\/en\/#website"},"primaryImageOfPage":{"@id":"https:\/\/prisonlife.rs\/en\/milena-milicevic-phd\/#primaryimage"},"image":{"@id":"https:\/\/prisonlife.rs\/en\/milena-milicevic-phd\/#primaryimage"},"thumbnailUrl":"https:\/\/prisonlife.rs\/en\/wp-content\/uploads\/2023\/11\/milicevic.1.png","datePublished":"2022-03-01T09:34:31+00:00","dateModified":"2023-11-27T19:40:51+00:00","description":"As the leader of the PrisonLIFE project team, Milena Mili\u0107evi\u0107 contributes to the project with her expertise in social integration, participation, and the quality of life for marginalized and vulnerable groups.","breadcrumb":{"@id":"https:\/\/prisonlife.rs\/en\/milena-milicevic-phd\/#breadcrumb"},"inLanguage":"en-US","potentialAction":[{"@type":"ReadAction","target":["https:\/\/prisonlife.rs\/en\/milena-milicevic-phd\/"]}]},{"@type":"ImageObject","inLanguage":"en-US","@id":"https:\/\/prisonlife.rs\/en\/milena-milicevic-phd\/#primaryimage","url":"https:\/\/prisonlife.rs\/en\/wp-content\/uploads\/2023\/11\/milicevic.1.png","contentUrl":"https:\/\/prisonlife.rs\/en\/wp-content\/uploads\/2023\/11\/milicevic.1.png","width":1080,"height":1080,"caption":"milicevic.1"},{"@type":"BreadcrumbList","@id":"https:\/\/prisonlife.rs\/en\/milena-milicevic-phd\/#breadcrumb","itemListElement":[{"@type":"ListItem","position":1,"name":"Home","item":"https:\/\/prisonlife.rs\/en\/"},{"@type":"ListItem","position":2,"name":"Milena Mili\u0107evi\u0107"}]},{"@type":"WebSite","@id":"https:\/\/prisonlife.rs\/en\/#website","url":"https:\/\/prisonlife.rs\/en\/","name":"PrisonLIFE","description":" ","publisher":{"@id":"https:\/\/prisonlife.rs\/en\/#organization"},"potentialAction":[{"@type":"SearchAction","target":{"@type":"EntryPoint","urlTemplate":"https:\/\/prisonlife.rs\/en\/?s={search_term_string}"},"query-input":{"@type":"PropertyValueSpecification","valueRequired":true,"valueName":"search_term_string"}}],"inLanguage":"en-US"},{"@type":"Organization","@id":"https:\/\/prisonlife.rs\/en\/#organization","name":"PrisonLIFE","url":"https:\/\/prisonlife.rs\/en\/","logo":{"@type":"ImageObject","inLanguage":"en-US","@id":"https:\/\/prisonlife.rs\/en\/#\/schema\/logo\/image\/","url":"https:\/\/prisonlife.rs\/en\/wp-content\/uploads\/2022\/02\/PrisonLIFE_logo_en_color_dark_web1.png","contentUrl":"https:\/\/prisonlife.rs\/en\/wp-content\/uploads\/2022\/02\/PrisonLIFE_logo_en_color_dark_web1.png","width":156,"height":71,"caption":"PrisonLIFE"},"image":{"@id":"https:\/\/prisonlife.rs\/en\/#\/schema\/logo\/image\/"}}]}},"post_mailing_queue_ids":[],"_links":{"self":[{"href":"https:\/\/prisonlife.rs\/en\/wp-json\/wp\/v2\/pages\/425","targetHints":{"allow":["GET"]}}],"collection":[{"href":"https:\/\/prisonlife.rs\/en\/wp-json\/wp\/v2\/pages"}],"about":[{"href":"https:\/\/prisonlife.rs\/en\/wp-json\/wp\/v2\/types\/page"}],"author":[{"embeddable":true,"href":"https:\/\/prisonlife.rs\/en\/wp-json\/wp\/v2\/users\/1"}],"replies":[{"embeddable":true,"href":"https:\/\/prisonlife.rs\/en\/wp-json\/wp\/v2\/comments?post=425"}],"version-history":[{"count":0,"href":"https:\/\/prisonlife.rs\/en\/wp-json\/wp\/v2\/pages\/425\/revisions"}],"wp:featuredmedia":[{"embeddable":true,"href":"https:\/\/prisonlife.rs\/en\/wp-json\/wp\/v2\/media\/678"}],"wp:attachment":[{"href":"https:\/\/prisonlife.rs\/en\/wp-json\/wp\/v2\/media?parent=425"}],"curies":[{"name":"wp","href":"https:\/\/api.w.org\/{rel}","templated":true}]}}