{"id":438,"date":"2022-03-01T09:37:32","date_gmt":"2022-03-01T09:37:32","guid":{"rendered":"https:\/\/prisonlife.rs\/en\/?page_id=438"},"modified":"2023-11-27T19:48:30","modified_gmt":"2023-11-27T19:48:30","slug":"sanja-copic","status":"publish","type":"page","link":"https:\/\/prisonlife.rs\/en\/sanja-copic\/","title":{"rendered":"SANJA \u0106OPI\u0106"},"content":{"rendered":"<p><strong>SANJA \u0106OPI\u0106<\/strong><br \/>\n<strong>PhD, associate professor, University of Belgrade \u2013 Faculty of Special Education and Rehabilitation<\/strong><\/p>\n<p>Project role and skills:<\/p>\n<p style=\"text-align: justify;\">Sanja \u0106opi\u0107 will contribute her theoretical knowledge and previous experience in conducting empirical, especially action research on the position and respect for the human rights of women serving prison sentences. Her expertise in victimology, gender equality, discrimination, violence against women, and the connections between victimisation and the criminalisation of women represents a unique contribution. Sanja \u0106opi\u0107 has significant experience in developing public policies and practices based on empirical evidence.<\/p>\n<p style=\"text-align: justify;\">As a project team member and distinguished scholar with years of experience, including engagement with the scientific, professional, and wider public, Sanja \u0106opi\u0107 leads communication, dissemination, and exploitation of results and findings from the PrisonLIFE project. Her activities include informing about project results, formulating recommendations from the explanatory meeting, and involving stakeholders to facilitate the implementation of internationally and European-adopted standards. Additionally, Sanja \u0106opi\u0107 participates in the examination of the characteristics of the quality of prison life in the general prison population, with a specific focus on female inmates. She is responsible for coordinating the explanatory meeting with the involvement of relevant stakeholders.<\/p>\n<p>Link : | <a href=\"http:\/\/orcid.org\/0000-0002-6581-0210\" target=\"_blank\" rel=\"noopener\">ORCHID.ORG<\/a> | <a href=\"https:\/\/scholar.google.com\/citations?user=MnxaFcgAAAAJ&amp;hl=en\" target=\"_blank\" rel=\"noopener\">SCHOLAR GOOGLE<\/a> |<a href=\"https:\/\/publons.com\/researcher\/3685265\/sanja-copic\/\" target=\"_blank\" rel=\"noopener\">PUBLONS<\/a>| <a href=\"https:\/\/independent.academia.edu\/CopicSanja\" target=\"_blank\" rel=\"noopener\">ACADEMIA<\/a> |<\/p>\n","protected":false},"excerpt":{"rendered":"<p>SANJA \u0106OPI\u0106 PhD, associate professor, University of Belgrade \u2013 Faculty of Special Education and Rehabilitation Project role and skills: Sanja \u0106opi\u0107 will contribute her theoretical knowledge and previous experience in &#8230;<\/p>\n","protected":false},"author":1,"featured_media":680,"parent":0,"menu_order":0,"comment_status":"closed","ping_status":"closed","template":"","meta":{"_monsterinsights_skip_tracking":false,"_monsterinsights_sitenote_active":false,"_monsterinsights_sitenote_note":"","_monsterinsights_sitenote_category":0,"footnotes":""},"class_list":["post-438","page","type-page","status-publish","has-post-thumbnail","hentry"],"aioseo_notices":[],"yoast_head":"<title>SANJA \u0106OPI\u0106 - PrisonLIFE<\/title>\n<meta name=\"description\" content=\"Sanja \u0106opi\u0107 will contribute her theoretical knowledge and previous experience in conducting empirical, especially action research on the position and respect for the human rights of women serving prison sentences.\" \/>\n<meta name=\"robots\" content=\"index, follow, max-snippet:-1, max-image-preview:large, max-video-preview:-1\" \/>\n<link rel=\"canonical\" href=\"https:\/\/prisonlife.rs\/en\/sanja-copic\/\" \/>\n<meta property=\"og:locale\" content=\"en_US\" \/>\n<meta property=\"og:type\" content=\"article\" \/>\n<meta property=\"og:title\" content=\"SANJA \u0106OPI\u0106 - PrisonLIFE\" \/>\n<meta property=\"og:description\" content=\"Sanja \u0106opi\u0107 will contribute her theoretical knowledge and previous experience in conducting empirical, especially action research on the position and respect for the human rights of women serving prison sentences.\" \/>\n<meta property=\"og:url\" content=\"https:\/\/prisonlife.rs\/en\/sanja-copic\/\" \/>\n<meta property=\"og:site_name\" content=\"PrisonLIFE\" \/>\n<meta property=\"article:modified_time\" content=\"2023-11-27T19:48:30+00:00\" \/>\n<meta property=\"og:image\" content=\"https:\/\/prisonlife.rs\/en\/wp-content\/uploads\/2023\/11\/sanja.1.png\" \/>\n\t<meta property=\"og:image:width\" content=\"1080\" \/>\n\t<meta property=\"og:image:height\" content=\"1080\" \/>\n\t<meta property=\"og:image:type\" content=\"image\/png\" \/>\n<meta name=\"twitter:card\" content=\"summary_large_image\" \/>\n<meta name=\"twitter:label1\" content=\"Est. reading time\" \/>\n\t<meta name=\"twitter:data1\" content=\"1 minute\" \/>\n<script type=\"application\/ld+json\" class=\"yoast-schema-graph\">{\"@context\":\"https:\\\/\\\/schema.org\",\"@graph\":[{\"@type\":\"WebPage\",\"@id\":\"https:\\\/\\\/prisonlife.rs\\\/en\\\/sanja-copic\\\/\",\"url\":\"https:\\\/\\\/prisonlife.rs\\\/en\\\/sanja-copic\\\/\",\"name\":\"SANJA \u0106OPI\u0106 - PrisonLIFE\",\"isPartOf\":{\"@id\":\"https:\\\/\\\/prisonlife.rs\\\/en\\\/#website\"},\"primaryImageOfPage\":{\"@id\":\"https:\\\/\\\/prisonlife.rs\\\/en\\\/sanja-copic\\\/#primaryimage\"},\"image\":{\"@id\":\"https:\\\/\\\/prisonlife.rs\\\/en\\\/sanja-copic\\\/#primaryimage\"},\"thumbnailUrl\":\"https:\\\/\\\/prisonlife.rs\\\/en\\\/wp-content\\\/uploads\\\/2023\\\/11\\\/sanja.1.png\",\"datePublished\":\"2022-03-01T09:37:32+00:00\",\"dateModified\":\"2023-11-27T19:48:30+00:00\",\"description\":\"Sanja \u0106opi\u0107 will contribute her theoretical knowledge and previous experience in conducting empirical, especially action research on the position and respect for the human rights of women serving prison sentences.\",\"breadcrumb\":{\"@id\":\"https:\\\/\\\/prisonlife.rs\\\/en\\\/sanja-copic\\\/#breadcrumb\"},\"inLanguage\":\"en-US\",\"potentialAction\":[{\"@type\":\"ReadAction\",\"target\":[\"https:\\\/\\\/prisonlife.rs\\\/en\\\/sanja-copic\\\/\"]}]},{\"@type\":\"ImageObject\",\"inLanguage\":\"en-US\",\"@id\":\"https:\\\/\\\/prisonlife.rs\\\/en\\\/sanja-copic\\\/#primaryimage\",\"url\":\"https:\\\/\\\/prisonlife.rs\\\/en\\\/wp-content\\\/uploads\\\/2023\\\/11\\\/sanja.1.png\",\"contentUrl\":\"https:\\\/\\\/prisonlife.rs\\\/en\\\/wp-content\\\/uploads\\\/2023\\\/11\\\/sanja.1.png\",\"width\":1080,\"height\":1080,\"caption\":\"sanja.1\"},{\"@type\":\"BreadcrumbList\",\"@id\":\"https:\\\/\\\/prisonlife.rs\\\/en\\\/sanja-copic\\\/#breadcrumb\",\"itemListElement\":[{\"@type\":\"ListItem\",\"position\":1,\"name\":\"Home\",\"item\":\"https:\\\/\\\/prisonlife.rs\\\/en\\\/\"},{\"@type\":\"ListItem\",\"position\":2,\"name\":\"SANJA \u0106OPI\u0106\"}]},{\"@type\":\"WebSite\",\"@id\":\"https:\\\/\\\/prisonlife.rs\\\/en\\\/#website\",\"url\":\"https:\\\/\\\/prisonlife.rs\\\/en\\\/\",\"name\":\"PrisonLIFE\",\"description\":\" \",\"publisher\":{\"@id\":\"https:\\\/\\\/prisonlife.rs\\\/en\\\/#organization\"},\"potentialAction\":[{\"@type\":\"SearchAction\",\"target\":{\"@type\":\"EntryPoint\",\"urlTemplate\":\"https:\\\/\\\/prisonlife.rs\\\/en\\\/?s={search_term_string}\"},\"query-input\":{\"@type\":\"PropertyValueSpecification\",\"valueRequired\":true,\"valueName\":\"search_term_string\"}}],\"inLanguage\":\"en-US\"},{\"@type\":\"Organization\",\"@id\":\"https:\\\/\\\/prisonlife.rs\\\/en\\\/#organization\",\"name\":\"PrisonLIFE\",\"url\":\"https:\\\/\\\/prisonlife.rs\\\/en\\\/\",\"logo\":{\"@type\":\"ImageObject\",\"inLanguage\":\"en-US\",\"@id\":\"https:\\\/\\\/prisonlife.rs\\\/en\\\/#\\\/schema\\\/logo\\\/image\\\/\",\"url\":\"https:\\\/\\\/prisonlife.rs\\\/en\\\/wp-content\\\/uploads\\\/2022\\\/02\\\/PrisonLIFE_logo_en_color_dark_web1.png\",\"contentUrl\":\"https:\\\/\\\/prisonlife.rs\\\/en\\\/wp-content\\\/uploads\\\/2022\\\/02\\\/PrisonLIFE_logo_en_color_dark_web1.png\",\"width\":156,\"height\":71,\"caption\":\"PrisonLIFE\"},\"image\":{\"@id\":\"https:\\\/\\\/prisonlife.rs\\\/en\\\/#\\\/schema\\\/logo\\\/image\\\/\"}}]}<\/script>","yoast_head_json":{"title":"SANJA \u0106OPI\u0106 - PrisonLIFE","description":"Sanja \u0106opi\u0107 will contribute her theoretical knowledge and previous experience in conducting empirical, especially action research on the position and respect for the human rights of women serving prison sentences.","robots":{"index":"index","follow":"follow","max-snippet":"max-snippet:-1","max-image-preview":"max-image-preview:large","max-video-preview":"max-video-preview:-1"},"canonical":"https:\/\/prisonlife.rs\/en\/sanja-copic\/","og_locale":"en_US","og_type":"article","og_title":"SANJA \u0106OPI\u0106 - PrisonLIFE","og_description":"Sanja \u0106opi\u0107 will contribute her theoretical knowledge and previous experience in conducting empirical, especially action research on the position and respect for the human rights of women serving prison sentences.","og_url":"https:\/\/prisonlife.rs\/en\/sanja-copic\/","og_site_name":"PrisonLIFE","article_modified_time":"2023-11-27T19:48:30+00:00","og_image":[{"width":1080,"height":1080,"url":"https:\/\/prisonlife.rs\/en\/wp-content\/uploads\/2023\/11\/sanja.1.png","type":"image\/png"}],"twitter_card":"summary_large_image","twitter_misc":{"Est. reading time":"1 minute"},"schema":{"@context":"https:\/\/schema.org","@graph":[{"@type":"WebPage","@id":"https:\/\/prisonlife.rs\/en\/sanja-copic\/","url":"https:\/\/prisonlife.rs\/en\/sanja-copic\/","name":"SANJA \u0106OPI\u0106 - PrisonLIFE","isPartOf":{"@id":"https:\/\/prisonlife.rs\/en\/#website"},"primaryImageOfPage":{"@id":"https:\/\/prisonlife.rs\/en\/sanja-copic\/#primaryimage"},"image":{"@id":"https:\/\/prisonlife.rs\/en\/sanja-copic\/#primaryimage"},"thumbnailUrl":"https:\/\/prisonlife.rs\/en\/wp-content\/uploads\/2023\/11\/sanja.1.png","datePublished":"2022-03-01T09:37:32+00:00","dateModified":"2023-11-27T19:48:30+00:00","description":"Sanja \u0106opi\u0107 will contribute her theoretical knowledge and previous experience in conducting empirical, especially action research on the position and respect for the human rights of women serving prison sentences.","breadcrumb":{"@id":"https:\/\/prisonlife.rs\/en\/sanja-copic\/#breadcrumb"},"inLanguage":"en-US","potentialAction":[{"@type":"ReadAction","target":["https:\/\/prisonlife.rs\/en\/sanja-copic\/"]}]},{"@type":"ImageObject","inLanguage":"en-US","@id":"https:\/\/prisonlife.rs\/en\/sanja-copic\/#primaryimage","url":"https:\/\/prisonlife.rs\/en\/wp-content\/uploads\/2023\/11\/sanja.1.png","contentUrl":"https:\/\/prisonlife.rs\/en\/wp-content\/uploads\/2023\/11\/sanja.1.png","width":1080,"height":1080,"caption":"sanja.1"},{"@type":"BreadcrumbList","@id":"https:\/\/prisonlife.rs\/en\/sanja-copic\/#breadcrumb","itemListElement":[{"@type":"ListItem","position":1,"name":"Home","item":"https:\/\/prisonlife.rs\/en\/"},{"@type":"ListItem","position":2,"name":"SANJA \u0106OPI\u0106"}]},{"@type":"WebSite","@id":"https:\/\/prisonlife.rs\/en\/#website","url":"https:\/\/prisonlife.rs\/en\/","name":"PrisonLIFE","description":" ","publisher":{"@id":"https:\/\/prisonlife.rs\/en\/#organization"},"potentialAction":[{"@type":"SearchAction","target":{"@type":"EntryPoint","urlTemplate":"https:\/\/prisonlife.rs\/en\/?s={search_term_string}"},"query-input":{"@type":"PropertyValueSpecification","valueRequired":true,"valueName":"search_term_string"}}],"inLanguage":"en-US"},{"@type":"Organization","@id":"https:\/\/prisonlife.rs\/en\/#organization","name":"PrisonLIFE","url":"https:\/\/prisonlife.rs\/en\/","logo":{"@type":"ImageObject","inLanguage":"en-US","@id":"https:\/\/prisonlife.rs\/en\/#\/schema\/logo\/image\/","url":"https:\/\/prisonlife.rs\/en\/wp-content\/uploads\/2022\/02\/PrisonLIFE_logo_en_color_dark_web1.png","contentUrl":"https:\/\/prisonlife.rs\/en\/wp-content\/uploads\/2022\/02\/PrisonLIFE_logo_en_color_dark_web1.png","width":156,"height":71,"caption":"PrisonLIFE"},"image":{"@id":"https:\/\/prisonlife.rs\/en\/#\/schema\/logo\/image\/"}}]}},"post_mailing_queue_ids":[],"_links":{"self":[{"href":"https:\/\/prisonlife.rs\/en\/wp-json\/wp\/v2\/pages\/438","targetHints":{"allow":["GET"]}}],"collection":[{"href":"https:\/\/prisonlife.rs\/en\/wp-json\/wp\/v2\/pages"}],"about":[{"href":"https:\/\/prisonlife.rs\/en\/wp-json\/wp\/v2\/types\/page"}],"author":[{"embeddable":true,"href":"https:\/\/prisonlife.rs\/en\/wp-json\/wp\/v2\/users\/1"}],"replies":[{"embeddable":true,"href":"https:\/\/prisonlife.rs\/en\/wp-json\/wp\/v2\/comments?post=438"}],"version-history":[{"count":0,"href":"https:\/\/prisonlife.rs\/en\/wp-json\/wp\/v2\/pages\/438\/revisions"}],"wp:featuredmedia":[{"embeddable":true,"href":"https:\/\/prisonlife.rs\/en\/wp-json\/wp\/v2\/media\/680"}],"wp:attachment":[{"href":"https:\/\/prisonlife.rs\/en\/wp-json\/wp\/v2\/media?parent=438"}],"curies":[{"name":"wp","href":"https:\/\/api.w.org\/{rel}","templated":true}]}}