{"id":442,"date":"2022-03-01T09:38:45","date_gmt":"2022-03-01T09:38:45","guid":{"rendered":"https:\/\/prisonlife.rs\/en\/?page_id=442"},"modified":"2023-11-27T19:51:42","modified_gmt":"2023-11-27T19:51:42","slug":"janko-mededovic","status":"publish","type":"page","link":"https:\/\/prisonlife.rs\/en\/janko-mededovic\/","title":{"rendered":"JANKO ME\u0110EDOVI\u0106"},"content":{"rendered":"<p><strong>JANKO ME\u0110EDOVI\u0106<\/strong><br \/>\n<strong>PhD, senior research associate, Institute for Criminological and Sociological Research, Belgrade<\/strong><\/p>\n<p>Project role and skills:<\/p>\n<p>Janko Me\u0111edovi\u0107 contributes to the project with his extensive experience in research methodology, particularly in multivariate statistical methods and data analysis, the development of new questionnaires and instruments, and the assessment of their psychometric characteristics. With a significant number of works in the field of criminal psychology, including personality traits and environmental factors related to criminal behaviour, he is an expert with broad knowledge.<\/p>\n<p>Within the PrisonLIFE project, Janko Me\u0111edovi\u0107 leads the evaluation of psychometric characteristics and validation of the MQPL scale in the Serbian language. He also actively participates in the cultural adaptation and development of the MQPL scale through focus groups, contributing to its quality. Additionally, he is involved in researching the connections between the quality of prison life, the dark triad, coping styles, self-esteem, aggression, and depression. Janko Me\u0111edovi\u0107 is also engaged in activities promoting and disseminating the results of the PrisonLIFE project.<\/p>\n<p>Link : | <a href=\"https:\/\/orcid.org\/0000-0001-6022-7934\" target=\"_blank\" rel=\"noopener\">ORCHID.ORG<\/a> | <a href=\"https:\/\/www.researchgate.net\/profile\/Janko-Mededovic-2\" target=\"_blank\" rel=\"noopener\">RESEARCH GATE<\/a> | <a href=\"https:\/\/scholar.google.com\/citations?user=cEB7hQoAAAAJ&amp;hl=en\" target=\"_blank\" rel=\"noopener\">SCHOLAR GOOGLE<\/a> |<\/p>\n","protected":false},"excerpt":{"rendered":"<p>JANKO ME\u0110EDOVI\u0106 PhD, senior research associate, Institute for Criminological and Sociological Research, Belgrade Project role and skills: Janko Me\u0111edovi\u0107 contributes to the project with his extensive experience in research methodology, &#8230;<\/p>\n","protected":false},"author":1,"featured_media":677,"parent":0,"menu_order":0,"comment_status":"closed","ping_status":"closed","template":"","meta":{"_monsterinsights_skip_tracking":false,"_monsterinsights_sitenote_active":false,"_monsterinsights_sitenote_note":"","_monsterinsights_sitenote_category":0,"footnotes":""},"class_list":["post-442","page","type-page","status-publish","has-post-thumbnail","hentry"],"aioseo_notices":[],"yoast_head":"<title>JANKO ME\u0110EDOVI\u0106 - PrisonLIFE<\/title>\n<meta name=\"description\" content=\"Janko Me\u0111edovi\u0107 contributes to the project with his extensive experience in research methodology, particularly in multivariate statistical methods and data analysis, the development of new questionnaires and instruments, and the assessment of their psychometric characteristics.\" \/>\n<meta name=\"robots\" content=\"index, follow, max-snippet:-1, max-image-preview:large, max-video-preview:-1\" \/>\n<link rel=\"canonical\" href=\"https:\/\/prisonlife.rs\/en\/janko-mededovic\/\" \/>\n<meta property=\"og:locale\" content=\"en_US\" \/>\n<meta property=\"og:type\" content=\"article\" \/>\n<meta property=\"og:title\" content=\"JANKO ME\u0110EDOVI\u0106 - PrisonLIFE\" \/>\n<meta property=\"og:description\" content=\"Janko Me\u0111edovi\u0107 contributes to the project with his extensive experience in research methodology, particularly in multivariate statistical methods and data analysis, the development of new questionnaires and instruments, and the assessment of their psychometric characteristics.\" \/>\n<meta property=\"og:url\" content=\"https:\/\/prisonlife.rs\/en\/janko-mededovic\/\" \/>\n<meta property=\"og:site_name\" content=\"PrisonLIFE\" \/>\n<meta property=\"article:modified_time\" content=\"2023-11-27T19:51:42+00:00\" \/>\n<meta property=\"og:image\" content=\"https:\/\/prisonlife.rs\/en\/wp-content\/uploads\/2023\/11\/medjedovic.1.png\" \/>\n\t<meta property=\"og:image:width\" content=\"1080\" \/>\n\t<meta property=\"og:image:height\" content=\"1080\" \/>\n\t<meta property=\"og:image:type\" content=\"image\/png\" \/>\n<meta name=\"twitter:card\" content=\"summary_large_image\" \/>\n<meta name=\"twitter:label1\" content=\"Est. reading time\" \/>\n\t<meta name=\"twitter:data1\" content=\"1 minute\" \/>\n<script type=\"application\/ld+json\" class=\"yoast-schema-graph\">{\"@context\":\"https:\\\/\\\/schema.org\",\"@graph\":[{\"@type\":\"WebPage\",\"@id\":\"https:\\\/\\\/prisonlife.rs\\\/en\\\/janko-mededovic\\\/\",\"url\":\"https:\\\/\\\/prisonlife.rs\\\/en\\\/janko-mededovic\\\/\",\"name\":\"JANKO ME\u0110EDOVI\u0106 - PrisonLIFE\",\"isPartOf\":{\"@id\":\"https:\\\/\\\/prisonlife.rs\\\/en\\\/#website\"},\"primaryImageOfPage\":{\"@id\":\"https:\\\/\\\/prisonlife.rs\\\/en\\\/janko-mededovic\\\/#primaryimage\"},\"image\":{\"@id\":\"https:\\\/\\\/prisonlife.rs\\\/en\\\/janko-mededovic\\\/#primaryimage\"},\"thumbnailUrl\":\"https:\\\/\\\/prisonlife.rs\\\/en\\\/wp-content\\\/uploads\\\/2023\\\/11\\\/medjedovic.1.png\",\"datePublished\":\"2022-03-01T09:38:45+00:00\",\"dateModified\":\"2023-11-27T19:51:42+00:00\",\"description\":\"Janko Me\u0111edovi\u0107 contributes to the project with his extensive experience in research methodology, particularly in multivariate statistical methods and data analysis, the development of new questionnaires and instruments, and the assessment of their psychometric characteristics.\",\"breadcrumb\":{\"@id\":\"https:\\\/\\\/prisonlife.rs\\\/en\\\/janko-mededovic\\\/#breadcrumb\"},\"inLanguage\":\"en-US\",\"potentialAction\":[{\"@type\":\"ReadAction\",\"target\":[\"https:\\\/\\\/prisonlife.rs\\\/en\\\/janko-mededovic\\\/\"]}]},{\"@type\":\"ImageObject\",\"inLanguage\":\"en-US\",\"@id\":\"https:\\\/\\\/prisonlife.rs\\\/en\\\/janko-mededovic\\\/#primaryimage\",\"url\":\"https:\\\/\\\/prisonlife.rs\\\/en\\\/wp-content\\\/uploads\\\/2023\\\/11\\\/medjedovic.1.png\",\"contentUrl\":\"https:\\\/\\\/prisonlife.rs\\\/en\\\/wp-content\\\/uploads\\\/2023\\\/11\\\/medjedovic.1.png\",\"width\":1080,\"height\":1080,\"caption\":\"medjedovic.1\"},{\"@type\":\"BreadcrumbList\",\"@id\":\"https:\\\/\\\/prisonlife.rs\\\/en\\\/janko-mededovic\\\/#breadcrumb\",\"itemListElement\":[{\"@type\":\"ListItem\",\"position\":1,\"name\":\"Home\",\"item\":\"https:\\\/\\\/prisonlife.rs\\\/en\\\/\"},{\"@type\":\"ListItem\",\"position\":2,\"name\":\"JANKO ME\u0110EDOVI\u0106\"}]},{\"@type\":\"WebSite\",\"@id\":\"https:\\\/\\\/prisonlife.rs\\\/en\\\/#website\",\"url\":\"https:\\\/\\\/prisonlife.rs\\\/en\\\/\",\"name\":\"PrisonLIFE\",\"description\":\" \",\"publisher\":{\"@id\":\"https:\\\/\\\/prisonlife.rs\\\/en\\\/#organization\"},\"potentialAction\":[{\"@type\":\"SearchAction\",\"target\":{\"@type\":\"EntryPoint\",\"urlTemplate\":\"https:\\\/\\\/prisonlife.rs\\\/en\\\/?s={search_term_string}\"},\"query-input\":{\"@type\":\"PropertyValueSpecification\",\"valueRequired\":true,\"valueName\":\"search_term_string\"}}],\"inLanguage\":\"en-US\"},{\"@type\":\"Organization\",\"@id\":\"https:\\\/\\\/prisonlife.rs\\\/en\\\/#organization\",\"name\":\"PrisonLIFE\",\"url\":\"https:\\\/\\\/prisonlife.rs\\\/en\\\/\",\"logo\":{\"@type\":\"ImageObject\",\"inLanguage\":\"en-US\",\"@id\":\"https:\\\/\\\/prisonlife.rs\\\/en\\\/#\\\/schema\\\/logo\\\/image\\\/\",\"url\":\"https:\\\/\\\/prisonlife.rs\\\/en\\\/wp-content\\\/uploads\\\/2022\\\/02\\\/PrisonLIFE_logo_en_color_dark_web1.png\",\"contentUrl\":\"https:\\\/\\\/prisonlife.rs\\\/en\\\/wp-content\\\/uploads\\\/2022\\\/02\\\/PrisonLIFE_logo_en_color_dark_web1.png\",\"width\":156,\"height\":71,\"caption\":\"PrisonLIFE\"},\"image\":{\"@id\":\"https:\\\/\\\/prisonlife.rs\\\/en\\\/#\\\/schema\\\/logo\\\/image\\\/\"}}]}<\/script>","yoast_head_json":{"title":"JANKO ME\u0110EDOVI\u0106 - PrisonLIFE","description":"Janko Me\u0111edovi\u0107 contributes to the project with his extensive experience in research methodology, particularly in multivariate statistical methods and data analysis, the development of new questionnaires and instruments, and the assessment of their psychometric characteristics.","robots":{"index":"index","follow":"follow","max-snippet":"max-snippet:-1","max-image-preview":"max-image-preview:large","max-video-preview":"max-video-preview:-1"},"canonical":"https:\/\/prisonlife.rs\/en\/janko-mededovic\/","og_locale":"en_US","og_type":"article","og_title":"JANKO ME\u0110EDOVI\u0106 - PrisonLIFE","og_description":"Janko Me\u0111edovi\u0107 contributes to the project with his extensive experience in research methodology, particularly in multivariate statistical methods and data analysis, the development of new questionnaires and instruments, and the assessment of their psychometric characteristics.","og_url":"https:\/\/prisonlife.rs\/en\/janko-mededovic\/","og_site_name":"PrisonLIFE","article_modified_time":"2023-11-27T19:51:42+00:00","og_image":[{"width":1080,"height":1080,"url":"https:\/\/prisonlife.rs\/en\/wp-content\/uploads\/2023\/11\/medjedovic.1.png","type":"image\/png"}],"twitter_card":"summary_large_image","twitter_misc":{"Est. reading time":"1 minute"},"schema":{"@context":"https:\/\/schema.org","@graph":[{"@type":"WebPage","@id":"https:\/\/prisonlife.rs\/en\/janko-mededovic\/","url":"https:\/\/prisonlife.rs\/en\/janko-mededovic\/","name":"JANKO ME\u0110EDOVI\u0106 - PrisonLIFE","isPartOf":{"@id":"https:\/\/prisonlife.rs\/en\/#website"},"primaryImageOfPage":{"@id":"https:\/\/prisonlife.rs\/en\/janko-mededovic\/#primaryimage"},"image":{"@id":"https:\/\/prisonlife.rs\/en\/janko-mededovic\/#primaryimage"},"thumbnailUrl":"https:\/\/prisonlife.rs\/en\/wp-content\/uploads\/2023\/11\/medjedovic.1.png","datePublished":"2022-03-01T09:38:45+00:00","dateModified":"2023-11-27T19:51:42+00:00","description":"Janko Me\u0111edovi\u0107 contributes to the project with his extensive experience in research methodology, particularly in multivariate statistical methods and data analysis, the development of new questionnaires and instruments, and the assessment of their psychometric characteristics.","breadcrumb":{"@id":"https:\/\/prisonlife.rs\/en\/janko-mededovic\/#breadcrumb"},"inLanguage":"en-US","potentialAction":[{"@type":"ReadAction","target":["https:\/\/prisonlife.rs\/en\/janko-mededovic\/"]}]},{"@type":"ImageObject","inLanguage":"en-US","@id":"https:\/\/prisonlife.rs\/en\/janko-mededovic\/#primaryimage","url":"https:\/\/prisonlife.rs\/en\/wp-content\/uploads\/2023\/11\/medjedovic.1.png","contentUrl":"https:\/\/prisonlife.rs\/en\/wp-content\/uploads\/2023\/11\/medjedovic.1.png","width":1080,"height":1080,"caption":"medjedovic.1"},{"@type":"BreadcrumbList","@id":"https:\/\/prisonlife.rs\/en\/janko-mededovic\/#breadcrumb","itemListElement":[{"@type":"ListItem","position":1,"name":"Home","item":"https:\/\/prisonlife.rs\/en\/"},{"@type":"ListItem","position":2,"name":"JANKO ME\u0110EDOVI\u0106"}]},{"@type":"WebSite","@id":"https:\/\/prisonlife.rs\/en\/#website","url":"https:\/\/prisonlife.rs\/en\/","name":"PrisonLIFE","description":" ","publisher":{"@id":"https:\/\/prisonlife.rs\/en\/#organization"},"potentialAction":[{"@type":"SearchAction","target":{"@type":"EntryPoint","urlTemplate":"https:\/\/prisonlife.rs\/en\/?s={search_term_string}"},"query-input":{"@type":"PropertyValueSpecification","valueRequired":true,"valueName":"search_term_string"}}],"inLanguage":"en-US"},{"@type":"Organization","@id":"https:\/\/prisonlife.rs\/en\/#organization","name":"PrisonLIFE","url":"https:\/\/prisonlife.rs\/en\/","logo":{"@type":"ImageObject","inLanguage":"en-US","@id":"https:\/\/prisonlife.rs\/en\/#\/schema\/logo\/image\/","url":"https:\/\/prisonlife.rs\/en\/wp-content\/uploads\/2022\/02\/PrisonLIFE_logo_en_color_dark_web1.png","contentUrl":"https:\/\/prisonlife.rs\/en\/wp-content\/uploads\/2022\/02\/PrisonLIFE_logo_en_color_dark_web1.png","width":156,"height":71,"caption":"PrisonLIFE"},"image":{"@id":"https:\/\/prisonlife.rs\/en\/#\/schema\/logo\/image\/"}}]}},"post_mailing_queue_ids":[],"_links":{"self":[{"href":"https:\/\/prisonlife.rs\/en\/wp-json\/wp\/v2\/pages\/442","targetHints":{"allow":["GET"]}}],"collection":[{"href":"https:\/\/prisonlife.rs\/en\/wp-json\/wp\/v2\/pages"}],"about":[{"href":"https:\/\/prisonlife.rs\/en\/wp-json\/wp\/v2\/types\/page"}],"author":[{"embeddable":true,"href":"https:\/\/prisonlife.rs\/en\/wp-json\/wp\/v2\/users\/1"}],"replies":[{"embeddable":true,"href":"https:\/\/prisonlife.rs\/en\/wp-json\/wp\/v2\/comments?post=442"}],"version-history":[{"count":0,"href":"https:\/\/prisonlife.rs\/en\/wp-json\/wp\/v2\/pages\/442\/revisions"}],"wp:featuredmedia":[{"embeddable":true,"href":"https:\/\/prisonlife.rs\/en\/wp-json\/wp\/v2\/media\/677"}],"wp:attachment":[{"href":"https:\/\/prisonlife.rs\/en\/wp-json\/wp\/v2\/media?parent=442"}],"curies":[{"name":"wp","href":"https:\/\/api.w.org\/{rel}","templated":true}]}}