{"id":628,"date":"2023-06-17T13:08:20","date_gmt":"2023-06-17T13:08:20","guid":{"rendered":"https:\/\/prisonlife.rs\/en\/?page_id=628"},"modified":"2024-04-13T06:12:31","modified_gmt":"2024-04-13T06:12:31","slug":"national-conference","status":"publish","type":"page","link":"https:\/\/prisonlife.rs\/en\/archive\/national-conference\/","title":{"rendered":"National Conference"},"content":{"rendered":"<p><img loading=\"lazy\" decoding=\"async\" class=\"size-large wp-image-1858 aligncenter\" src=\"https:\/\/prisonlife.rs\/en\/wp-content\/uploads\/2023\/06\/Prison_life_confpic.png\" alt=\"PrisonLIFE_header za sajt\" width=\"800\" height=\"125\" \/><\/p>\n<p>&nbsp;<\/p>\n<h3 style=\"text-align: center;\"><span style=\"font-family: 'arial black', sans-serif;\">NATIONAL CONFERENCE \u201cCONVICT POPULATION: NEW PERSPECTIVES\u201c<\/span><\/h3>\n<p>&nbsp;<\/p>\n<table style=\"width: 100%; border-collapse: collapse; background-color: #85c8f2;\">\n<tbody>\n<tr>\n<td style=\"width: 1134.55px;\"><span style=\"color: #000000;\"><strong>VENUE AND DATE<\/strong><\/span><\/td>\n<\/tr>\n<\/tbody>\n<\/table>\n<p>Institute for Criminological and Sociological Research<br \/>\nBelgrade, December 4, 2023<\/p>\n<table style=\"width: 100%; border-collapse: collapse; background-color: #85c8f2;\">\n<tbody>\n<tr>\n<td style=\"width: 1134.55px;\"><span style=\"color: #000000;\"><strong>ORGANIZERS<\/strong><\/span><\/td>\n<\/tr>\n<\/tbody>\n<\/table>\n<p>Institute for Criminological and Sociological Research<br \/>\nUniversity of Belgrade \u2013 Faculty of Special Education and Rehabilitation<\/p>\n<table style=\"width: 100%; border-collapse: collapse; background-color: #85c8f2;\">\n<tbody>\n<tr>\n<td style=\"width: 1134.55px;\"><span style=\"color: #000000;\"><strong>PROGRAMME COMMITTEE<\/strong><\/span><\/td>\n<\/tr>\n<\/tbody>\n<\/table>\n<p>Ana Batri\u0107evi\u0107, PhD, Institute for Criminological and Sociological Research, President<br \/>\nIvana Stevanovi\u0107, PhD, Institute for Criminological and Sociological Research<br \/>\nBranislava Kne\u017ei\u0107, PhD, Institute for Criminological and Sociological Research<br \/>\nProfessor Sanja \u0106opi\u0107, PhD, University of Belgrade \u2013 Faculty of Special Education and Rehabilitation<br \/>\nProfessor Milica Kova\u010devi\u0107, PhD, University of Belgrade \u2013 Faculty of Special Education and Rehabilitation<br \/>\nMilica Kolakovi\u0107 Bojovi\u0107, PhD, Institute for Criminological and Sociological Research<br \/>\nJanko Me\u0111edovi\u0107, PhD, Institute for Criminological and Sociological Research<br \/>\nAssisstant Vera Petrovi\u0107, University of Belgrade \u2013 Faculty of Special Education and Rehabilitation<\/p>\n<table style=\"width: 100%; border-collapse: collapse; background-color: #85c8f2;\">\n<tbody>\n<tr>\n<td style=\"width: 1134.55px;\"><span style=\"color: #000000;\"><strong>ORGANISING COMMITTEE<\/strong><\/span><\/td>\n<\/tr>\n<\/tbody>\n<\/table>\n<p>Olivera Pavi\u0107evi\u0107, PhD, Institute for Criminological and Sociological Research, President<br \/>\nNikola Vuji\u010di\u0107, Institute for Criminological and Sociological Research, General Secretary<br \/>\nDragana Bogi\u0107evi\u0107, University of Belgrade \u2013 Faculty of Special Education and Rehabilitation, Deputy Secretary<br \/>\nMilena Mili\u0107evi\u0107, PhD, Institute for Criminological and Sociological Research<br \/>\nLjeposava Iliji\u0107, PhD, Institute for Criminological and Sociological Research<br \/>\nSanja Petkovska, PhD, Institute for Criminological and Sociological Research<br \/>\nAndrea Topoli\u0107, University of Belgrade \u2013 Faculty of Special Education and Rehabilitation<br \/>\nJelena Nikolov, University of Belgrade \u2013 Faculty of Special Education and Rehabilitation<br \/>\nAndrej Kubi\u010dek, Institute for Criminological and Sociological Research<br \/>\nTeodora Gojkovi\u0107, Institute for Criminological and Sociological Research<\/p>\n<table style=\"width: 100%; border-collapse: collapse; background-color: #85c8f2;\">\n<tbody>\n<tr>\n<td style=\"width: 1134.55px;\"><span style=\"color: #000000;\"><strong>CONFERENCE TOPICS<\/strong><\/span><\/td>\n<\/tr>\n<\/tbody>\n<\/table>\n<ul>\n<li>Duration of imprisonment, adaptation to captivity, imprisonment experiences<\/li>\n<li>Characteristics of the prison population, including demographic, penological, criminological, and sociopsychological aspects<\/li>\n<li>Risk assessment, treatment progress, and types of criminal offense<\/li>\n<li>Educational background of convicts and their involvement in educational processes within the prison system<\/li>\n<li>Employment and vocational training opportunities in prisons<\/li>\n<li>Adaptation of treatment methods for female convicts and their experiences as victims of violence<\/li>\n<li>Convicted perpetrators of criminal offenses with elements of violence<\/li>\n<li>Criminological and penological characteristics of recidivists<\/li>\n<li>Importance of maintaining family and social contacts<\/li>\n<li>Substance abuse issues and involvement in withdrawal treatment programs<\/li>\n<li>Specialized treatments available in prisons and their effectiveness<\/li>\n<li>Leisure activities and their impact on the prison environment<\/li>\n<li>Public opinion, societal attitudes, and social reactions toward convicts<\/li>\n<li>Other relevant topics.<\/li>\n<\/ul>\n<table style=\"width: 100%; border-collapse: collapse; background-color: #85c8f2;\">\n<tbody>\n<tr>\n<td style=\"width: 1134.55px;\"><span style=\"color: #000000;\"><strong>PRESENTATIONS<\/strong><\/span><\/td>\n<\/tr>\n<\/tbody>\n<\/table>\n<ul>\n<li>oral presentations<\/li>\n<\/ul>\n<table style=\"width: 100%; border-collapse: collapse; background-color: #85c8f2;\">\n<tbody>\n<tr>\n<td style=\"width: 1134.55px;\"><span style=\"color: #000000;\"><strong>IMPORTANT DATES<\/strong><\/span><\/td>\n<\/tr>\n<\/tbody>\n<\/table>\n<p>&nbsp;<\/p>\n<table style=\"border-collapse: collapse; width: 48.6023%;\">\n<tbody>\n<tr>\n<td style=\"width: 16.3168%;\">October 10, 2023<\/td>\n<td style=\"width: 46.1701%;\">&#8211; abstract\/proceeding submission deadline<\/td>\n<\/tr>\n<tr>\n<td style=\"width: 16.3168%;\">November 15, 2023<\/td>\n<td style=\"width: 46.1701%;\">\u2013 notification abstract\/proceeding acceptance<\/td>\n<\/tr>\n<tr>\n<td style=\"width: 16.3168%;\">December 4, 2023<\/td>\n<td style=\"width: 46.1701%;\">\u2013 conference date<\/td>\n<\/tr>\n<\/tbody>\n<\/table>\n<p>&nbsp;<\/p>\n<table style=\"width: 100%; border-collapse: collapse; background-color: #85c8f2;\">\n<tbody>\n<tr>\n<td style=\"width: 1134.55px;\"><span style=\"color: #000000;\"><strong>REGISTRATION<\/strong><\/span><\/td>\n<\/tr>\n<\/tbody>\n<\/table>\n<p>There is no registration fee for the conference.<\/p>\n<p>Please submit the <a href=\"https:\/\/prisonlife.rs\/en\/wp-content\/uploads\/2023\/06\/REGISTRATION-FORM.docx\"><strong>Registration Form<\/strong><\/a> via email to: <strong><a href=\"mailto:konferencija@prisonlife.rs\">konferencija@prisonlife.rs<\/a><\/strong><\/p>\n<table style=\"width: 100%; border-collapse: collapse; background-color: #85c8f2;\">\n<tbody>\n<tr>\n<td style=\"width: 1134.55px;\"><span style=\"color: #000000;\"><strong>PARTICIPATION<\/strong><\/span><\/td>\n<\/tr>\n<\/tbody>\n<\/table>\n<p>Participants have the option to submit an <strong>abstract<\/strong> or <strong>proceeding<\/strong>.<br \/>\nEach author can submit a maximum of one paper, in agreement with their mentor.<br \/>\nAll submitted abstracts and papers will undergo a double-anonymous peer review process.<br \/>\nAccepted abstracts will be included in the <strong>Book of Abstracts<\/strong>. Selected papers will be published in the peer-reviewed journal <strong><em>Zbornik Instituta za kriminolo\u0161ka i sociolo\u0161ka istra\u017eivanja<\/em><\/strong>.<\/p>\n<table style=\"width: 100%; border-collapse: collapse; background-color: #85c8f2;\">\n<tbody>\n<tr>\n<td style=\"width: 1134.55px;\"><span style=\"color: #000000;\"><strong>CERTIFICATE OF PARTICIPATION<\/strong><\/span><\/td>\n<\/tr>\n<\/tbody>\n<\/table>\n<p>All conference participants will receive a certificate of participation.<\/p>\n<table style=\"width: 100%; border-collapse: collapse; background-color: #85c8f2;\">\n<tbody>\n<tr>\n<td style=\"width: 1134.55px;\"><span style=\"color: #000000;\"><strong>NOTE<\/strong><\/span><\/td>\n<\/tr>\n<\/tbody>\n<\/table>\n<p>The conference aims to bring together early-career researchers and undergraduate\/graduate students from various disciplines related to social rehabilitation, special education, psychology, sociology, law, and other related fields. Papers from all these fields that address topics relevant to the execution of prison sentences and treatment of convicts are welcome.<\/p>\n<p>The conference is organized as part of the national scientific project <strong>PrisonLIFE<\/strong>, supported by the Science Fund of the Republic of Serbia.<\/p>\n<table style=\"width: 100%; border-collapse: collapse; background-color: #85c8f2;\">\n<tbody>\n<tr>\n<td style=\"width: 1134.55px;\"><span style=\"color: #000000;\"><strong>INVITATION LETTER<\/strong><\/span><\/td>\n<\/tr>\n<\/tbody>\n<\/table>\n<p><strong><a href=\"https:\/\/prisonlife.rs\/en\/wp-content\/uploads\/2023\/06\/Invitation-letter-CONVICT-POPULATION-NEW-PERSPECTIVES.pdf\">Invitation letter CONVICT POPULATION &#8211; NEW PERSPECTIVES<\/a><\/strong><\/p>\n<table style=\"width: 100%; border-collapse: collapse; background-color: #85c8f2;\">\n<tbody>\n<tr>\n<td style=\"width: 1134.55px;\"><span style=\"color: #000000;\"><strong>CONTACT<\/strong><\/span><\/td>\n<\/tr>\n<\/tbody>\n<\/table>\n<p>For more information, contact <strong><a href=\"mailto:konferencija@prisonlife.rs\">konferencija@prisonlife.rs<\/a><\/strong><\/p>\n","protected":false},"excerpt":{"rendered":"<p>&nbsp; NATIONAL CONFERENCE \u201cCONVICT POPULATION: NEW PERSPECTIVES\u201c &nbsp; VENUE AND DATE Institute for Criminological and Sociological Research Belgrade, December 4, 2023 ORGANIZERS Institute for Criminological and Sociological Research University of &#8230;<\/p>\n","protected":false},"author":1,"featured_media":0,"parent":740,"menu_order":0,"comment_status":"closed","ping_status":"closed","template":"","meta":{"_monsterinsights_skip_tracking":false,"_monsterinsights_sitenote_active":false,"_monsterinsights_sitenote_note":"","_monsterinsights_sitenote_category":0,"footnotes":""},"class_list":["post-628","page","type-page","status-publish","hentry"],"aioseo_notices":[],"yoast_head":"<title>National Conference - PrisonLIFE<\/title>\n<meta name=\"description\" content=\"NATIONAL CONFERENCE \u201cCONVICT POPULATION: NEW PERSPECTIVES\u201c,Institute for Criminological and Sociological ResearchBelgrade, December 4, 2023\" \/>\n<meta name=\"robots\" content=\"index, follow, max-snippet:-1, max-image-preview:large, max-video-preview:-1\" \/>\n<link rel=\"canonical\" href=\"https:\/\/prisonlife.rs\/en\/archive\/national-conference\/\" \/>\n<meta property=\"og:locale\" content=\"en_US\" \/>\n<meta property=\"og:type\" content=\"article\" \/>\n<meta property=\"og:title\" content=\"National Conference - PrisonLIFE\" \/>\n<meta property=\"og:description\" content=\"NATIONAL CONFERENCE \u201cCONVICT POPULATION: NEW PERSPECTIVES\u201c,Institute for Criminological and Sociological ResearchBelgrade, December 4, 2023\" \/>\n<meta property=\"og:url\" content=\"https:\/\/prisonlife.rs\/en\/archive\/national-conference\/\" \/>\n<meta property=\"og:site_name\" content=\"PrisonLIFE\" \/>\n<meta property=\"article:modified_time\" content=\"2024-04-13T06:12:31+00:00\" \/>\n<meta property=\"og:image\" content=\"https:\/\/prisonlife.rs\/en\/wp-content\/uploads\/2023\/06\/Prison_life_confpic.png\" \/>\n<meta name=\"twitter:card\" content=\"summary_large_image\" \/>\n<meta name=\"twitter:label1\" content=\"Est. reading time\" \/>\n\t<meta name=\"twitter:data1\" content=\"3 minutes\" \/>\n<script type=\"application\/ld+json\" class=\"yoast-schema-graph\">{\"@context\":\"https:\\\/\\\/schema.org\",\"@graph\":[{\"@type\":\"WebPage\",\"@id\":\"https:\\\/\\\/prisonlife.rs\\\/en\\\/archive\\\/national-conference\\\/\",\"url\":\"https:\\\/\\\/prisonlife.rs\\\/en\\\/archive\\\/national-conference\\\/\",\"name\":\"National Conference - PrisonLIFE\",\"isPartOf\":{\"@id\":\"https:\\\/\\\/prisonlife.rs\\\/en\\\/#website\"},\"primaryImageOfPage\":{\"@id\":\"https:\\\/\\\/prisonlife.rs\\\/en\\\/archive\\\/national-conference\\\/#primaryimage\"},\"image\":{\"@id\":\"https:\\\/\\\/prisonlife.rs\\\/en\\\/archive\\\/national-conference\\\/#primaryimage\"},\"thumbnailUrl\":\"https:\\\/\\\/prisonlife.rs\\\/en\\\/wp-content\\\/uploads\\\/2023\\\/06\\\/Prison_life_confpic.png\",\"datePublished\":\"2023-06-17T13:08:20+00:00\",\"dateModified\":\"2024-04-13T06:12:31+00:00\",\"description\":\"NATIONAL CONFERENCE \u201cCONVICT POPULATION: NEW PERSPECTIVES\u201c,Institute for Criminological and Sociological ResearchBelgrade, December 4, 2023\",\"breadcrumb\":{\"@id\":\"https:\\\/\\\/prisonlife.rs\\\/en\\\/archive\\\/national-conference\\\/#breadcrumb\"},\"inLanguage\":\"en-US\",\"potentialAction\":[{\"@type\":\"ReadAction\",\"target\":[\"https:\\\/\\\/prisonlife.rs\\\/en\\\/archive\\\/national-conference\\\/\"]}]},{\"@type\":\"ImageObject\",\"inLanguage\":\"en-US\",\"@id\":\"https:\\\/\\\/prisonlife.rs\\\/en\\\/archive\\\/national-conference\\\/#primaryimage\",\"url\":\"https:\\\/\\\/prisonlife.rs\\\/en\\\/wp-content\\\/uploads\\\/2023\\\/06\\\/Prison_life_confpic.png\",\"contentUrl\":\"https:\\\/\\\/prisonlife.rs\\\/en\\\/wp-content\\\/uploads\\\/2023\\\/06\\\/Prison_life_confpic.png\",\"width\":1769,\"height\":299},{\"@type\":\"BreadcrumbList\",\"@id\":\"https:\\\/\\\/prisonlife.rs\\\/en\\\/archive\\\/national-conference\\\/#breadcrumb\",\"itemListElement\":[{\"@type\":\"ListItem\",\"position\":1,\"name\":\"Home\",\"item\":\"https:\\\/\\\/prisonlife.rs\\\/en\\\/\"},{\"@type\":\"ListItem\",\"position\":2,\"name\":\"Archive\",\"item\":\"https:\\\/\\\/prisonlife.rs\\\/en\\\/archive\\\/\"},{\"@type\":\"ListItem\",\"position\":3,\"name\":\"National Conference\"}]},{\"@type\":\"WebSite\",\"@id\":\"https:\\\/\\\/prisonlife.rs\\\/en\\\/#website\",\"url\":\"https:\\\/\\\/prisonlife.rs\\\/en\\\/\",\"name\":\"PrisonLIFE\",\"description\":\" \",\"publisher\":{\"@id\":\"https:\\\/\\\/prisonlife.rs\\\/en\\\/#organization\"},\"potentialAction\":[{\"@type\":\"SearchAction\",\"target\":{\"@type\":\"EntryPoint\",\"urlTemplate\":\"https:\\\/\\\/prisonlife.rs\\\/en\\\/?s={search_term_string}\"},\"query-input\":{\"@type\":\"PropertyValueSpecification\",\"valueRequired\":true,\"valueName\":\"search_term_string\"}}],\"inLanguage\":\"en-US\"},{\"@type\":\"Organization\",\"@id\":\"https:\\\/\\\/prisonlife.rs\\\/en\\\/#organization\",\"name\":\"PrisonLIFE\",\"url\":\"https:\\\/\\\/prisonlife.rs\\\/en\\\/\",\"logo\":{\"@type\":\"ImageObject\",\"inLanguage\":\"en-US\",\"@id\":\"https:\\\/\\\/prisonlife.rs\\\/en\\\/#\\\/schema\\\/logo\\\/image\\\/\",\"url\":\"https:\\\/\\\/prisonlife.rs\\\/en\\\/wp-content\\\/uploads\\\/2022\\\/02\\\/PrisonLIFE_logo_en_color_dark_web1.png\",\"contentUrl\":\"https:\\\/\\\/prisonlife.rs\\\/en\\\/wp-content\\\/uploads\\\/2022\\\/02\\\/PrisonLIFE_logo_en_color_dark_web1.png\",\"width\":156,\"height\":71,\"caption\":\"PrisonLIFE\"},\"image\":{\"@id\":\"https:\\\/\\\/prisonlife.rs\\\/en\\\/#\\\/schema\\\/logo\\\/image\\\/\"}}]}<\/script>","yoast_head_json":{"title":"National Conference - PrisonLIFE","description":"NATIONAL CONFERENCE \u201cCONVICT POPULATION: NEW PERSPECTIVES\u201c,Institute for Criminological and Sociological ResearchBelgrade, December 4, 2023","robots":{"index":"index","follow":"follow","max-snippet":"max-snippet:-1","max-image-preview":"max-image-preview:large","max-video-preview":"max-video-preview:-1"},"canonical":"https:\/\/prisonlife.rs\/en\/archive\/national-conference\/","og_locale":"en_US","og_type":"article","og_title":"National Conference - PrisonLIFE","og_description":"NATIONAL CONFERENCE \u201cCONVICT POPULATION: NEW PERSPECTIVES\u201c,Institute for Criminological and Sociological ResearchBelgrade, December 4, 2023","og_url":"https:\/\/prisonlife.rs\/en\/archive\/national-conference\/","og_site_name":"PrisonLIFE","article_modified_time":"2024-04-13T06:12:31+00:00","og_image":[{"url":"https:\/\/prisonlife.rs\/en\/wp-content\/uploads\/2023\/06\/Prison_life_confpic.png","type":"","width":"","height":""}],"twitter_card":"summary_large_image","twitter_misc":{"Est. reading time":"3 minutes"},"schema":{"@context":"https:\/\/schema.org","@graph":[{"@type":"WebPage","@id":"https:\/\/prisonlife.rs\/en\/archive\/national-conference\/","url":"https:\/\/prisonlife.rs\/en\/archive\/national-conference\/","name":"National Conference - PrisonLIFE","isPartOf":{"@id":"https:\/\/prisonlife.rs\/en\/#website"},"primaryImageOfPage":{"@id":"https:\/\/prisonlife.rs\/en\/archive\/national-conference\/#primaryimage"},"image":{"@id":"https:\/\/prisonlife.rs\/en\/archive\/national-conference\/#primaryimage"},"thumbnailUrl":"https:\/\/prisonlife.rs\/en\/wp-content\/uploads\/2023\/06\/Prison_life_confpic.png","datePublished":"2023-06-17T13:08:20+00:00","dateModified":"2024-04-13T06:12:31+00:00","description":"NATIONAL CONFERENCE \u201cCONVICT POPULATION: NEW PERSPECTIVES\u201c,Institute for Criminological and Sociological ResearchBelgrade, December 4, 2023","breadcrumb":{"@id":"https:\/\/prisonlife.rs\/en\/archive\/national-conference\/#breadcrumb"},"inLanguage":"en-US","potentialAction":[{"@type":"ReadAction","target":["https:\/\/prisonlife.rs\/en\/archive\/national-conference\/"]}]},{"@type":"ImageObject","inLanguage":"en-US","@id":"https:\/\/prisonlife.rs\/en\/archive\/national-conference\/#primaryimage","url":"https:\/\/prisonlife.rs\/en\/wp-content\/uploads\/2023\/06\/Prison_life_confpic.png","contentUrl":"https:\/\/prisonlife.rs\/en\/wp-content\/uploads\/2023\/06\/Prison_life_confpic.png","width":1769,"height":299},{"@type":"BreadcrumbList","@id":"https:\/\/prisonlife.rs\/en\/archive\/national-conference\/#breadcrumb","itemListElement":[{"@type":"ListItem","position":1,"name":"Home","item":"https:\/\/prisonlife.rs\/en\/"},{"@type":"ListItem","position":2,"name":"Archive","item":"https:\/\/prisonlife.rs\/en\/archive\/"},{"@type":"ListItem","position":3,"name":"National Conference"}]},{"@type":"WebSite","@id":"https:\/\/prisonlife.rs\/en\/#website","url":"https:\/\/prisonlife.rs\/en\/","name":"PrisonLIFE","description":" ","publisher":{"@id":"https:\/\/prisonlife.rs\/en\/#organization"},"potentialAction":[{"@type":"SearchAction","target":{"@type":"EntryPoint","urlTemplate":"https:\/\/prisonlife.rs\/en\/?s={search_term_string}"},"query-input":{"@type":"PropertyValueSpecification","valueRequired":true,"valueName":"search_term_string"}}],"inLanguage":"en-US"},{"@type":"Organization","@id":"https:\/\/prisonlife.rs\/en\/#organization","name":"PrisonLIFE","url":"https:\/\/prisonlife.rs\/en\/","logo":{"@type":"ImageObject","inLanguage":"en-US","@id":"https:\/\/prisonlife.rs\/en\/#\/schema\/logo\/image\/","url":"https:\/\/prisonlife.rs\/en\/wp-content\/uploads\/2022\/02\/PrisonLIFE_logo_en_color_dark_web1.png","contentUrl":"https:\/\/prisonlife.rs\/en\/wp-content\/uploads\/2022\/02\/PrisonLIFE_logo_en_color_dark_web1.png","width":156,"height":71,"caption":"PrisonLIFE"},"image":{"@id":"https:\/\/prisonlife.rs\/en\/#\/schema\/logo\/image\/"}}]}},"post_mailing_queue_ids":[],"_links":{"self":[{"href":"https:\/\/prisonlife.rs\/en\/wp-json\/wp\/v2\/pages\/628","targetHints":{"allow":["GET"]}}],"collection":[{"href":"https:\/\/prisonlife.rs\/en\/wp-json\/wp\/v2\/pages"}],"about":[{"href":"https:\/\/prisonlife.rs\/en\/wp-json\/wp\/v2\/types\/page"}],"author":[{"embeddable":true,"href":"https:\/\/prisonlife.rs\/en\/wp-json\/wp\/v2\/users\/1"}],"replies":[{"embeddable":true,"href":"https:\/\/prisonlife.rs\/en\/wp-json\/wp\/v2\/comments?post=628"}],"version-history":[{"count":0,"href":"https:\/\/prisonlife.rs\/en\/wp-json\/wp\/v2\/pages\/628\/revisions"}],"up":[{"embeddable":true,"href":"https:\/\/prisonlife.rs\/en\/wp-json\/wp\/v2\/pages\/740"}],"wp:attachment":[{"href":"https:\/\/prisonlife.rs\/en\/wp-json\/wp\/v2\/media?parent=628"}],"curies":[{"name":"wp","href":"https:\/\/api.w.org\/{rel}","templated":true}]}}