{"id":819,"date":"2024-09-23T14:25:40","date_gmt":"2024-09-23T14:25:40","guid":{"rendered":"https:\/\/prisonlife.rs\/en\/?page_id=819"},"modified":"2024-10-13T09:27:16","modified_gmt":"2024-10-13T09:27:16","slug":"books","status":"publish","type":"page","link":"https:\/\/prisonlife.rs\/en\/books\/","title":{"rendered":"BOOKS"},"content":{"rendered":"<p style=\"text-align: justify;\"><strong><a href=\"https:\/\/www.iksi.ac.rs\/izdanja\/well_being_in_prisons_the_case_of_serbia.pdf\"><img loading=\"lazy\" decoding=\"async\" class=\"size-full wp-image-880 alignleft\" src=\"https:\/\/prisonlife.rs\/en\/wp-content\/uploads\/2024\/10\/Well-Being-u-zatvorima_03.jpg\" alt=\"Well-Being in Prison: The Case of Serbia - Book - Cover\" width=\"150\" height=\"150\" \/><\/a><a href=\"https:\/\/www.iksi.ac.rs\/izdanja\/well_being_in_prisons_the_case_of_serbia.pdf\">Well-Being in Prison: The Case of Serbia (Iliji\u0107, Pavi\u0107evi\u0107, &amp; Mili\u0107evi\u0107, 2024)<\/a><\/strong><\/p>\n<p style=\"text-align: justify;\">The book explores well-being in Serbian prisons based on the experiences of 611 prisoners in five prisons and how personal characteristics, prison conditions and interactions with prison professional staff affect their subjective well-being and opportunities for personal development.<\/p>\n<p>&nbsp;<\/p>\n<p style=\"font-weight: 400;\"><strong><a href=\"http:\/\/www.iksi.ac.rs\/izdanja\/pl_female_perspective.pdf\"><img loading=\"lazy\" decoding=\"async\" class=\"alignleft size-full wp-image-879\" src=\"https:\/\/prisonlife.rs\/en\/wp-content\/uploads\/2024\/10\/Zatvorsko-okruzenje_02.jpg\" alt=\"Zatvorsko okru\u017eenje - Book - Cover\" width=\"150\" height=\"150\" \/><\/a><a href=\"http:\/\/www.iksi.ac.rs\/izdanja\/pl_female_perspective.pdf\" data-saferedirecturl=\"https:\/\/www.google.com\/url?q=http:\/\/www.iksi.ac.rs\/izdanja\/pl_female_perspective.pdf&amp;source=gmail&amp;ust=1727716496442000&amp;usg=AOvVaw000McYH4r0SMTy-CU4iEMd\">Prison Environment: A Female Perspective (Eds. \u0106opi\u0107 &amp; Batri\u0107evi\u0107, 2024)<\/a><\/strong><\/p>\n<p style=\"font-weight: 400;\">This edited book with authored chapters focuses on the unique challenges faced by women in prisons in Serbia and around the world. The book covers their treatment, rights and the impact of prison life on women, providing insights into gender-specific issues in<br \/>\nincarceration. The chapters\u2019 authors are leading experts in the field of criminology and women&#8217;s prisons. The book <a href=\"http:\/\/www.iksi.ac.rs\/izdanja\/pl_female_perspective.pdf\"><strong>Prison Environment: A Female Perspective<\/strong><\/a> covers their treatment, rights, and the impact of prison life on women, offering insights into gender-specific issues in incarceration. Authored by leading experts in criminology and women\u2019s incarceration, the book is edited by Sanja \u0106opi\u0107 and Ana Batri\u0107evi\u0107.<\/p>\n<p style=\"text-align: justify;\"><strong><a href=\"https:\/\/www.iksi.ac.rs\/izdanja\/quality_of_life_in_prisons_in_serbia.pdf\"><img loading=\"lazy\" decoding=\"async\" class=\"alignleft size-full wp-image-877\" src=\"https:\/\/prisonlife.rs\/en\/wp-content\/uploads\/2024\/10\/Kvalitet-zivota-u-zatvorima-u-Srbiji-02.jpg\" alt=\"Kvalitet \u017eivota u zatvorima u Srbiji - Book - Cover\" width=\"150\" height=\"150\" \/><\/a><br \/>\n<a href=\"https:\/\/www.iksi.ac.rs\/izdanja\/quality_of_life_in_prisons_in_serbia.pdf\">Quality Of Life In Prisons In Serbia: Norm, Practice And Improvement Measures (\u0106opi\u0107, Stevanovi\u0107, &amp; Vuji\u010di\u0107, 2024)<\/a><\/strong><\/p>\n<p style=\"text-align: justify;\">The key findings of research on the quality of life of convicted men and women in five penitentiaries in Serbia are presented. The research reveals the key problems they face and suggests concrete measures to improve their lives.<\/p>\n<p>&nbsp;<\/p>\n<p>&nbsp;<\/p>\n<p style=\"text-align: justify;\"><strong><a href=\"https:\/\/www.iksi.ac.rs\/izdanja\/moralna_i_socijalna_klima_u_zatvorima.pdf\"><img loading=\"lazy\" decoding=\"async\" class=\"alignleft size-full wp-image-876\" src=\"https:\/\/prisonlife.rs\/en\/wp-content\/uploads\/2024\/10\/Moralna-i-socijalna-klima-u-zatvorima_02.jpg\" alt=\"Moralna i socijalna klima u zatvorima - book - cover\" width=\"150\" height=\"150\" \/><\/a><a href=\"https:\/\/www.iksi.ac.rs\/izdanja\/moralna_i_socijalna_klima_u_zatvorima.pdf\">Moral and social climate in prisons (Pavi\u0107evi\u0107, Iliji\u0107 &amp; Batri\u0107evi\u0107, 2023)<\/a><\/strong><\/p>\n<p style=\"text-align: justify;\">Authors delve into how moral and social climate in prisons impacts inmates\u2019 lives and rehabilitation success. Read and discover how this topic links with global societal trends and key dimensions that shape the quality of prison life!<\/p>\n<p>&nbsp;<\/p>\n<p>&nbsp;<\/p>\n<p style=\"text-align: justify;\"><a href=\"https:\/\/www.iksi.ac.rs\/izdanja\/zbornik_apstrakata_nove_perspektive_2023.pdf\"><img loading=\"lazy\" decoding=\"async\" class=\"alignleft size-full wp-image-875\" src=\"https:\/\/prisonlife.rs\/en\/wp-content\/uploads\/2024\/10\/Zbornik-apstrakata-sa-nacionalnog-naucnog-skupa_02.jpg\" alt=\"Zbornik apstrakata sa nacionalnog naucnog skupa - Book - Cover\" width=\"150\" height=\"150\" \/><\/a><a href=\"http:\/\/www.iksi.ac.rs\/izdanja\/zbornik_apstrakata_nove_perspektive_2023.pdf\"><strong>Abstract Book from the National Scientific Conference \u201cConvict Population: New Perspectives\u201d (Iliji\u0107, Pavi\u0107evi\u0107 &amp; Drndarevi\u0107, 2023)<\/strong><\/a><\/p>\n<p style=\"text-align: justify;\">Discover new perspectives in working with the offender population! The national scientific conference \u201d Convict Population: New Perspectives\u201d brings together researchers, the academic community, and practitioners to investigate and address key issues related to serving sentences and rehabilitation. It is dedicated to students and early career researchers.<br \/>\nRead about sociological aspects of the prison population, healthcare in prison, trends in imprisonment in Serbia, and many other topics. Learn about innovative approaches and the perspectives of young researchers.<\/p>\n<p>&nbsp;<\/p>\n<p style=\"text-align: justify;\"><strong><a href=\"http:\/\/www.iksi.ac.rs\/izdanja\/ekspertski_izvestaj_kvalitet_zatvorskog_zivota_rs.pdf\"><img loading=\"lazy\" decoding=\"async\" class=\"alignleft size-full wp-image-878\" src=\"https:\/\/prisonlife.rs\/en\/wp-content\/uploads\/2024\/10\/Ekspertski-izvestaj_02.jpg\" alt=\"Ekspertski izve\u0161taj_02 - Book - Cover\" width=\"150\" height=\"150\" \/><\/a><a href=\"http:\/\/www.iksi.ac.rs\/izdanja\/ekspertski_izvestaj_kvalitet_zatvorskog_zivota_rs.pdf\">Expert report \u2013 Quality of prison life in the Republic of Serbia (\u0106opi\u0107, Stevanovi\u0107, Vuji\u010di\u0107 &amp; Stevanovi\u0107, 2023)<\/a><\/strong><\/p>\n<p style=\"text-align: justify;\">Find out the key findings on prison life quality in Serbia.<br \/>\nExamine differences among correctional facilities and discover recommendations for enhancing the lives of the convicted population.<\/p>\n","protected":false},"excerpt":{"rendered":"<p>Well-Being in Prison: The Case of Serbia (Iliji\u0107, Pavi\u0107evi\u0107, &amp; Mili\u0107evi\u0107, 2024) The book explores well-being in Serbian prisons based on the experiences of 611 prisoners in five prisons and &#8230;<\/p>\n","protected":false},"author":1,"featured_media":0,"parent":0,"menu_order":0,"comment_status":"closed","ping_status":"closed","template":"","meta":{"_monsterinsights_skip_tracking":false,"_monsterinsights_sitenote_active":false,"_monsterinsights_sitenote_note":"","_monsterinsights_sitenote_category":0,"footnotes":""},"class_list":["post-819","page","type-page","status-publish","hentry"],"aioseo_notices":[],"yoast_head":"<title>BOOKS - PrisonLIFE<\/title>\n<meta name=\"description\" content=\"Publications - Books\" \/>\n<meta name=\"robots\" content=\"index, follow, max-snippet:-1, max-image-preview:large, max-video-preview:-1\" \/>\n<link rel=\"canonical\" href=\"https:\/\/prisonlife.rs\/en\/books\/\" \/>\n<meta property=\"og:locale\" content=\"en_US\" \/>\n<meta property=\"og:type\" content=\"article\" \/>\n<meta property=\"og:title\" content=\"BOOKS - PrisonLIFE\" \/>\n<meta property=\"og:description\" content=\"Publications - Books\" \/>\n<meta property=\"og:url\" content=\"https:\/\/prisonlife.rs\/en\/books\/\" \/>\n<meta property=\"og:site_name\" content=\"PrisonLIFE\" \/>\n<meta property=\"article:modified_time\" content=\"2024-10-13T09:27:16+00:00\" \/>\n<meta property=\"og:image\" content=\"https:\/\/prisonlife.rs\/en\/wp-content\/uploads\/2024\/10\/Well-Being-u-zatvorima_03.jpg\" \/>\n\t<meta property=\"og:image:width\" content=\"150\" \/>\n\t<meta property=\"og:image:height\" content=\"150\" \/>\n\t<meta property=\"og:image:type\" content=\"image\/jpeg\" \/>\n<meta name=\"twitter:card\" content=\"summary_large_image\" \/>\n<meta name=\"twitter:label1\" content=\"Est. reading time\" \/>\n\t<meta name=\"twitter:data1\" content=\"3 minutes\" \/>\n<script type=\"application\/ld+json\" class=\"yoast-schema-graph\">{\"@context\":\"https:\\\/\\\/schema.org\",\"@graph\":[{\"@type\":\"WebPage\",\"@id\":\"https:\\\/\\\/prisonlife.rs\\\/en\\\/books\\\/\",\"url\":\"https:\\\/\\\/prisonlife.rs\\\/en\\\/books\\\/\",\"name\":\"BOOKS - PrisonLIFE\",\"isPartOf\":{\"@id\":\"https:\\\/\\\/prisonlife.rs\\\/en\\\/#website\"},\"primaryImageOfPage\":{\"@id\":\"https:\\\/\\\/prisonlife.rs\\\/en\\\/books\\\/#primaryimage\"},\"image\":{\"@id\":\"https:\\\/\\\/prisonlife.rs\\\/en\\\/books\\\/#primaryimage\"},\"thumbnailUrl\":\"https:\\\/\\\/prisonlife.rs\\\/en\\\/wp-content\\\/uploads\\\/2024\\\/10\\\/Well-Being-u-zatvorima_03.jpg\",\"datePublished\":\"2024-09-23T14:25:40+00:00\",\"dateModified\":\"2024-10-13T09:27:16+00:00\",\"description\":\"Publications - Books\",\"breadcrumb\":{\"@id\":\"https:\\\/\\\/prisonlife.rs\\\/en\\\/books\\\/#breadcrumb\"},\"inLanguage\":\"en-US\",\"potentialAction\":[{\"@type\":\"ReadAction\",\"target\":[\"https:\\\/\\\/prisonlife.rs\\\/en\\\/books\\\/\"]}]},{\"@type\":\"ImageObject\",\"inLanguage\":\"en-US\",\"@id\":\"https:\\\/\\\/prisonlife.rs\\\/en\\\/books\\\/#primaryimage\",\"url\":\"https:\\\/\\\/prisonlife.rs\\\/en\\\/wp-content\\\/uploads\\\/2024\\\/10\\\/Well-Being-u-zatvorima_03.jpg\",\"contentUrl\":\"https:\\\/\\\/prisonlife.rs\\\/en\\\/wp-content\\\/uploads\\\/2024\\\/10\\\/Well-Being-u-zatvorima_03.jpg\",\"width\":150,\"height\":150,\"caption\":\"Well-Being in Prison: The Case of Serbia - Book - Cover\"},{\"@type\":\"BreadcrumbList\",\"@id\":\"https:\\\/\\\/prisonlife.rs\\\/en\\\/books\\\/#breadcrumb\",\"itemListElement\":[{\"@type\":\"ListItem\",\"position\":1,\"name\":\"Home\",\"item\":\"https:\\\/\\\/prisonlife.rs\\\/en\\\/\"},{\"@type\":\"ListItem\",\"position\":2,\"name\":\"BOOKS\"}]},{\"@type\":\"WebSite\",\"@id\":\"https:\\\/\\\/prisonlife.rs\\\/en\\\/#website\",\"url\":\"https:\\\/\\\/prisonlife.rs\\\/en\\\/\",\"name\":\"PrisonLIFE\",\"description\":\" \",\"publisher\":{\"@id\":\"https:\\\/\\\/prisonlife.rs\\\/en\\\/#organization\"},\"potentialAction\":[{\"@type\":\"SearchAction\",\"target\":{\"@type\":\"EntryPoint\",\"urlTemplate\":\"https:\\\/\\\/prisonlife.rs\\\/en\\\/?s={search_term_string}\"},\"query-input\":{\"@type\":\"PropertyValueSpecification\",\"valueRequired\":true,\"valueName\":\"search_term_string\"}}],\"inLanguage\":\"en-US\"},{\"@type\":\"Organization\",\"@id\":\"https:\\\/\\\/prisonlife.rs\\\/en\\\/#organization\",\"name\":\"PrisonLIFE\",\"url\":\"https:\\\/\\\/prisonlife.rs\\\/en\\\/\",\"logo\":{\"@type\":\"ImageObject\",\"inLanguage\":\"en-US\",\"@id\":\"https:\\\/\\\/prisonlife.rs\\\/en\\\/#\\\/schema\\\/logo\\\/image\\\/\",\"url\":\"https:\\\/\\\/prisonlife.rs\\\/en\\\/wp-content\\\/uploads\\\/2022\\\/02\\\/PrisonLIFE_logo_en_color_dark_web1.png\",\"contentUrl\":\"https:\\\/\\\/prisonlife.rs\\\/en\\\/wp-content\\\/uploads\\\/2022\\\/02\\\/PrisonLIFE_logo_en_color_dark_web1.png\",\"width\":156,\"height\":71,\"caption\":\"PrisonLIFE\"},\"image\":{\"@id\":\"https:\\\/\\\/prisonlife.rs\\\/en\\\/#\\\/schema\\\/logo\\\/image\\\/\"}}]}<\/script>","yoast_head_json":{"title":"BOOKS - PrisonLIFE","description":"Publications - Books","robots":{"index":"index","follow":"follow","max-snippet":"max-snippet:-1","max-image-preview":"max-image-preview:large","max-video-preview":"max-video-preview:-1"},"canonical":"https:\/\/prisonlife.rs\/en\/books\/","og_locale":"en_US","og_type":"article","og_title":"BOOKS - PrisonLIFE","og_description":"Publications - Books","og_url":"https:\/\/prisonlife.rs\/en\/books\/","og_site_name":"PrisonLIFE","article_modified_time":"2024-10-13T09:27:16+00:00","og_image":[{"width":150,"height":150,"url":"https:\/\/prisonlife.rs\/en\/wp-content\/uploads\/2024\/10\/Well-Being-u-zatvorima_03.jpg","type":"image\/jpeg"}],"twitter_card":"summary_large_image","twitter_misc":{"Est. reading time":"3 minutes"},"schema":{"@context":"https:\/\/schema.org","@graph":[{"@type":"WebPage","@id":"https:\/\/prisonlife.rs\/en\/books\/","url":"https:\/\/prisonlife.rs\/en\/books\/","name":"BOOKS - PrisonLIFE","isPartOf":{"@id":"https:\/\/prisonlife.rs\/en\/#website"},"primaryImageOfPage":{"@id":"https:\/\/prisonlife.rs\/en\/books\/#primaryimage"},"image":{"@id":"https:\/\/prisonlife.rs\/en\/books\/#primaryimage"},"thumbnailUrl":"https:\/\/prisonlife.rs\/en\/wp-content\/uploads\/2024\/10\/Well-Being-u-zatvorima_03.jpg","datePublished":"2024-09-23T14:25:40+00:00","dateModified":"2024-10-13T09:27:16+00:00","description":"Publications - Books","breadcrumb":{"@id":"https:\/\/prisonlife.rs\/en\/books\/#breadcrumb"},"inLanguage":"en-US","potentialAction":[{"@type":"ReadAction","target":["https:\/\/prisonlife.rs\/en\/books\/"]}]},{"@type":"ImageObject","inLanguage":"en-US","@id":"https:\/\/prisonlife.rs\/en\/books\/#primaryimage","url":"https:\/\/prisonlife.rs\/en\/wp-content\/uploads\/2024\/10\/Well-Being-u-zatvorima_03.jpg","contentUrl":"https:\/\/prisonlife.rs\/en\/wp-content\/uploads\/2024\/10\/Well-Being-u-zatvorima_03.jpg","width":150,"height":150,"caption":"Well-Being in Prison: The Case of Serbia - Book - Cover"},{"@type":"BreadcrumbList","@id":"https:\/\/prisonlife.rs\/en\/books\/#breadcrumb","itemListElement":[{"@type":"ListItem","position":1,"name":"Home","item":"https:\/\/prisonlife.rs\/en\/"},{"@type":"ListItem","position":2,"name":"BOOKS"}]},{"@type":"WebSite","@id":"https:\/\/prisonlife.rs\/en\/#website","url":"https:\/\/prisonlife.rs\/en\/","name":"PrisonLIFE","description":" ","publisher":{"@id":"https:\/\/prisonlife.rs\/en\/#organization"},"potentialAction":[{"@type":"SearchAction","target":{"@type":"EntryPoint","urlTemplate":"https:\/\/prisonlife.rs\/en\/?s={search_term_string}"},"query-input":{"@type":"PropertyValueSpecification","valueRequired":true,"valueName":"search_term_string"}}],"inLanguage":"en-US"},{"@type":"Organization","@id":"https:\/\/prisonlife.rs\/en\/#organization","name":"PrisonLIFE","url":"https:\/\/prisonlife.rs\/en\/","logo":{"@type":"ImageObject","inLanguage":"en-US","@id":"https:\/\/prisonlife.rs\/en\/#\/schema\/logo\/image\/","url":"https:\/\/prisonlife.rs\/en\/wp-content\/uploads\/2022\/02\/PrisonLIFE_logo_en_color_dark_web1.png","contentUrl":"https:\/\/prisonlife.rs\/en\/wp-content\/uploads\/2022\/02\/PrisonLIFE_logo_en_color_dark_web1.png","width":156,"height":71,"caption":"PrisonLIFE"},"image":{"@id":"https:\/\/prisonlife.rs\/en\/#\/schema\/logo\/image\/"}}]}},"post_mailing_queue_ids":[],"_links":{"self":[{"href":"https:\/\/prisonlife.rs\/en\/wp-json\/wp\/v2\/pages\/819","targetHints":{"allow":["GET"]}}],"collection":[{"href":"https:\/\/prisonlife.rs\/en\/wp-json\/wp\/v2\/pages"}],"about":[{"href":"https:\/\/prisonlife.rs\/en\/wp-json\/wp\/v2\/types\/page"}],"author":[{"embeddable":true,"href":"https:\/\/prisonlife.rs\/en\/wp-json\/wp\/v2\/users\/1"}],"replies":[{"embeddable":true,"href":"https:\/\/prisonlife.rs\/en\/wp-json\/wp\/v2\/comments?post=819"}],"version-history":[{"count":0,"href":"https:\/\/prisonlife.rs\/en\/wp-json\/wp\/v2\/pages\/819\/revisions"}],"wp:attachment":[{"href":"https:\/\/prisonlife.rs\/en\/wp-json\/wp\/v2\/media?parent=819"}],"curies":[{"name":"wp","href":"https:\/\/api.w.org\/{rel}","templated":true}]}}