{"id":821,"date":"2024-09-23T14:26:43","date_gmt":"2024-09-23T14:26:43","guid":{"rendered":"https:\/\/prisonlife.rs\/en\/?page_id=821"},"modified":"2024-12-22T21:04:58","modified_gmt":"2024-12-22T21:04:58","slug":"book-chapters","status":"publish","type":"page","link":"https:\/\/prisonlife.rs\/en\/book-chapters\/","title":{"rendered":"BOOK CHAPTERS"},"content":{"rendered":"<p><a href=\"http:\/\/institutecsr.iksi.ac.rs\/1024\/1\/Sociologija%20zatvaranja_Mili%C4%87evi%C4%87%20%26%20Stevanovi%C4%87.pdf\"><strong>Moral and social climate in prisons: The Foundation of the PrisonLIFE Project (Mili\u0107evi\u0107 &amp; Stevanovi\u0107, 2024)<\/strong><\/a><\/p>\n<p>What makes the PrisonLIFE project unique?<br \/>\nGet to know this pioneering project and learn more about the theoretical and scientific foundations of prison life. The paper explores how the moral and social climate shapes the experiences of convicts, opening the way to evidence-based reforms and new directions for research.<\/p>\n<p><a href=\"http:\/\/www.iksi.ac.rs\/izdanja\/pl_female_perspective_pavicevic.pdf\"><strong>Well-being of female convicts in Serbian prisons: Personal autonomy and personal development (Pavi\u0107evi\u0107, 2024)<\/strong><\/a><\/p>\n<p>This research explores the well-being of female prisoners in Serbian prisons, focusing on personal autonomy and personal development. The study found that while female inmates value these aspects, they often feel more pain and punishment associated with incarceration.<\/p>\n<p><a href=\"http:\/\/www.iksi.ac.rs\/izdanja\/pl_female_perspective_ilijic.pdf\"><strong>Healthcare needs and treatment of women in prison in Serbia (Iliji\u0107, 2024)<\/strong><\/a><\/p>\n<p>This research examines the healthcare needs of female prisoners in Serbia, emphasising the prevalence of mental health disorders and the limited access to specialised treatments.<\/p>\n<p><a href=\"http:\/\/www.iksi.ac.rs\/izdanja\/pl_female_perspective_milicevic.pdf\"><strong>From East to West: A global exploration of female prison life (Mili\u0107evi\u0107, 2024)<\/strong><\/a><\/p>\n<p>The review presents the global experiences of female prisoners, recommending the gender-responsive prison systems and increased support for rehabilitation programs to improve the lives of incarcerated women.<\/p>\n<p><a href=\"http:\/\/www.iksi.ac.rs\/izdanja\/pl_female_perspective_jovanovic_batricevic.pdf\"><strong>Treatment programmes for female prisoners in Serbia (Jovanovi\u0107 &amp; Batri\u0107evi\u0107, 2024)<\/strong><\/a><\/p>\n<p>The authors explore treatment programs for female prisoners in Serbia, highlighting the challenges faced by both inmates and staff in implementing effective rehabilitation.<\/p>\n<p><a href=\"http:\/\/www.iksi.ac.rs\/izdanja\/pl_female_perspective_copic.pdf\"><strong>Female convicts and imprisonment in Serbia (\u0106opi\u0107, 2024)<\/strong><\/a><\/p>\n<p>The paper investigates the specific needs and challenges faced by female prisoners in Serbia, highlighting the need for gender-responsive prison systems.<\/p>\n<p><a href=\"http:\/\/institutecsr.iksi.ac.rs\/847\/1\/mili%C4%87evi%C4%87%2C%20milena.pdf\"><strong>Health status of the older prison population (Mili\u0107evi\u0107, 2023)<\/strong><\/a><\/p>\n<p>Unlock the challenges of health in older prisoners.<br \/>\nExplore insights from 27 studies spanning two decades and uncover the unique health challenges of aging inmates and the pressing need for enhanced healthcare services.<\/p>\n<p><a href=\"http:\/\/institutecsr.iksi.ac.rs\/844\/1\/iliji%C4%87%2C%20ljeposava.pdf\"><strong>Treatment, Release and Reintegration of Elderly in Prison \u2013 Problems and Challenges in Practice (Iliji\u0107, 2023)<\/strong><\/a><\/p>\n<p>Discover the unique challenges faced by older prisoners, the fastest-growing incarcerated group.<br \/>\nRead about their complex health and social needs, the inadequacies of current prison treatments, and the crucial aspects of their successful reintegration into society after release.<\/p>\n<p><a href=\"http:\/\/institutecsr.iksi.ac.rs\/621\/1\/6.%20mili%C4%87evi%C4%87%20iliji%C4%87.pdf\"><strong>Ageing of the prison population \u2013 Characteristics, issues and perspectives (Mili\u0107evi\u0107 &amp; Iliji\u0107, 2022)<\/strong><\/a><\/p>\n<p>Learn about the global issue of aging in prisons.<br \/>\nOur literature review uncovers key questions and perspectives, exploring challenges in healthcare, family relationships, infrastructure, and prospects for improving conditions for elderly inmates.<\/p>\n<p><a href=\"http:\/\/institutecsr.iksi.ac.rs\/567\/1\/8.%20vuji%C4%8Di%C4%87%2C%20drndarevi%C4%87.pdf\"><strong>Offenders and their families in a digital environment: A case study of PCI Sremska Mitrovica (Vuji\u010di\u0107 &amp; Drndarevi\u0107, 2022)<\/strong><\/a><\/p>\n<p>Explore the development of video visitation in the Penal-Correctional Institute in Sremska Mitrovica.<br \/>\nRead about insights from staff and experts, delve into the impact of video calls on offender behavior, and analyze the digital landscape within the legal framework of the Republic of Serbia.<\/p>\n","protected":false},"excerpt":{"rendered":"<p>Moral and social climate in prisons: The Foundation of the PrisonLIFE Project (Mili\u0107evi\u0107 &amp; Stevanovi\u0107, 2024) What makes the PrisonLIFE project unique? Get to know this pioneering project and learn &#8230;<\/p>\n","protected":false},"author":1,"featured_media":0,"parent":0,"menu_order":0,"comment_status":"closed","ping_status":"closed","template":"","meta":{"_monsterinsights_skip_tracking":false,"_monsterinsights_sitenote_active":false,"_monsterinsights_sitenote_note":"","_monsterinsights_sitenote_category":0,"footnotes":""},"class_list":["post-821","page","type-page","status-publish","hentry"],"aioseo_notices":[],"yoast_head":"<title>BOOK CHAPTERS - PrisonLIFE<\/title>\n<meta name=\"description\" content=\"Publications - BOOK CHAPTERS\" \/>\n<meta name=\"robots\" content=\"index, follow, max-snippet:-1, max-image-preview:large, max-video-preview:-1\" \/>\n<link rel=\"canonical\" href=\"https:\/\/prisonlife.rs\/en\/book-chapters\/\" \/>\n<meta property=\"og:locale\" content=\"en_US\" \/>\n<meta property=\"og:type\" content=\"article\" \/>\n<meta property=\"og:title\" content=\"BOOK CHAPTERS - PrisonLIFE\" \/>\n<meta property=\"og:description\" content=\"Publications - BOOK CHAPTERS\" \/>\n<meta property=\"og:url\" content=\"https:\/\/prisonlife.rs\/en\/book-chapters\/\" \/>\n<meta property=\"og:site_name\" content=\"PrisonLIFE\" \/>\n<meta property=\"article:modified_time\" content=\"2024-12-22T21:04:58+00:00\" \/>\n<meta name=\"twitter:card\" content=\"summary_large_image\" \/>\n<meta name=\"twitter:label1\" content=\"Est. reading time\" \/>\n\t<meta name=\"twitter:data1\" content=\"2 minutes\" \/>\n<script type=\"application\/ld+json\" class=\"yoast-schema-graph\">{\"@context\":\"https:\\\/\\\/schema.org\",\"@graph\":[{\"@type\":\"WebPage\",\"@id\":\"https:\\\/\\\/prisonlife.rs\\\/en\\\/book-chapters\\\/\",\"url\":\"https:\\\/\\\/prisonlife.rs\\\/en\\\/book-chapters\\\/\",\"name\":\"BOOK CHAPTERS - PrisonLIFE\",\"isPartOf\":{\"@id\":\"https:\\\/\\\/prisonlife.rs\\\/en\\\/#website\"},\"datePublished\":\"2024-09-23T14:26:43+00:00\",\"dateModified\":\"2024-12-22T21:04:58+00:00\",\"description\":\"Publications - BOOK CHAPTERS\",\"breadcrumb\":{\"@id\":\"https:\\\/\\\/prisonlife.rs\\\/en\\\/book-chapters\\\/#breadcrumb\"},\"inLanguage\":\"en-US\",\"potentialAction\":[{\"@type\":\"ReadAction\",\"target\":[\"https:\\\/\\\/prisonlife.rs\\\/en\\\/book-chapters\\\/\"]}]},{\"@type\":\"BreadcrumbList\",\"@id\":\"https:\\\/\\\/prisonlife.rs\\\/en\\\/book-chapters\\\/#breadcrumb\",\"itemListElement\":[{\"@type\":\"ListItem\",\"position\":1,\"name\":\"Home\",\"item\":\"https:\\\/\\\/prisonlife.rs\\\/en\\\/\"},{\"@type\":\"ListItem\",\"position\":2,\"name\":\"BOOK CHAPTERS\"}]},{\"@type\":\"WebSite\",\"@id\":\"https:\\\/\\\/prisonlife.rs\\\/en\\\/#website\",\"url\":\"https:\\\/\\\/prisonlife.rs\\\/en\\\/\",\"name\":\"PrisonLIFE\",\"description\":\" \",\"publisher\":{\"@id\":\"https:\\\/\\\/prisonlife.rs\\\/en\\\/#organization\"},\"potentialAction\":[{\"@type\":\"SearchAction\",\"target\":{\"@type\":\"EntryPoint\",\"urlTemplate\":\"https:\\\/\\\/prisonlife.rs\\\/en\\\/?s={search_term_string}\"},\"query-input\":{\"@type\":\"PropertyValueSpecification\",\"valueRequired\":true,\"valueName\":\"search_term_string\"}}],\"inLanguage\":\"en-US\"},{\"@type\":\"Organization\",\"@id\":\"https:\\\/\\\/prisonlife.rs\\\/en\\\/#organization\",\"name\":\"PrisonLIFE\",\"url\":\"https:\\\/\\\/prisonlife.rs\\\/en\\\/\",\"logo\":{\"@type\":\"ImageObject\",\"inLanguage\":\"en-US\",\"@id\":\"https:\\\/\\\/prisonlife.rs\\\/en\\\/#\\\/schema\\\/logo\\\/image\\\/\",\"url\":\"https:\\\/\\\/prisonlife.rs\\\/en\\\/wp-content\\\/uploads\\\/2022\\\/02\\\/PrisonLIFE_logo_en_color_dark_web1.png\",\"contentUrl\":\"https:\\\/\\\/prisonlife.rs\\\/en\\\/wp-content\\\/uploads\\\/2022\\\/02\\\/PrisonLIFE_logo_en_color_dark_web1.png\",\"width\":156,\"height\":71,\"caption\":\"PrisonLIFE\"},\"image\":{\"@id\":\"https:\\\/\\\/prisonlife.rs\\\/en\\\/#\\\/schema\\\/logo\\\/image\\\/\"}}]}<\/script>","yoast_head_json":{"title":"BOOK CHAPTERS - PrisonLIFE","description":"Publications - BOOK CHAPTERS","robots":{"index":"index","follow":"follow","max-snippet":"max-snippet:-1","max-image-preview":"max-image-preview:large","max-video-preview":"max-video-preview:-1"},"canonical":"https:\/\/prisonlife.rs\/en\/book-chapters\/","og_locale":"en_US","og_type":"article","og_title":"BOOK CHAPTERS - PrisonLIFE","og_description":"Publications - BOOK CHAPTERS","og_url":"https:\/\/prisonlife.rs\/en\/book-chapters\/","og_site_name":"PrisonLIFE","article_modified_time":"2024-12-22T21:04:58+00:00","twitter_card":"summary_large_image","twitter_misc":{"Est. reading time":"2 minutes"},"schema":{"@context":"https:\/\/schema.org","@graph":[{"@type":"WebPage","@id":"https:\/\/prisonlife.rs\/en\/book-chapters\/","url":"https:\/\/prisonlife.rs\/en\/book-chapters\/","name":"BOOK CHAPTERS - PrisonLIFE","isPartOf":{"@id":"https:\/\/prisonlife.rs\/en\/#website"},"datePublished":"2024-09-23T14:26:43+00:00","dateModified":"2024-12-22T21:04:58+00:00","description":"Publications - BOOK CHAPTERS","breadcrumb":{"@id":"https:\/\/prisonlife.rs\/en\/book-chapters\/#breadcrumb"},"inLanguage":"en-US","potentialAction":[{"@type":"ReadAction","target":["https:\/\/prisonlife.rs\/en\/book-chapters\/"]}]},{"@type":"BreadcrumbList","@id":"https:\/\/prisonlife.rs\/en\/book-chapters\/#breadcrumb","itemListElement":[{"@type":"ListItem","position":1,"name":"Home","item":"https:\/\/prisonlife.rs\/en\/"},{"@type":"ListItem","position":2,"name":"BOOK CHAPTERS"}]},{"@type":"WebSite","@id":"https:\/\/prisonlife.rs\/en\/#website","url":"https:\/\/prisonlife.rs\/en\/","name":"PrisonLIFE","description":" ","publisher":{"@id":"https:\/\/prisonlife.rs\/en\/#organization"},"potentialAction":[{"@type":"SearchAction","target":{"@type":"EntryPoint","urlTemplate":"https:\/\/prisonlife.rs\/en\/?s={search_term_string}"},"query-input":{"@type":"PropertyValueSpecification","valueRequired":true,"valueName":"search_term_string"}}],"inLanguage":"en-US"},{"@type":"Organization","@id":"https:\/\/prisonlife.rs\/en\/#organization","name":"PrisonLIFE","url":"https:\/\/prisonlife.rs\/en\/","logo":{"@type":"ImageObject","inLanguage":"en-US","@id":"https:\/\/prisonlife.rs\/en\/#\/schema\/logo\/image\/","url":"https:\/\/prisonlife.rs\/en\/wp-content\/uploads\/2022\/02\/PrisonLIFE_logo_en_color_dark_web1.png","contentUrl":"https:\/\/prisonlife.rs\/en\/wp-content\/uploads\/2022\/02\/PrisonLIFE_logo_en_color_dark_web1.png","width":156,"height":71,"caption":"PrisonLIFE"},"image":{"@id":"https:\/\/prisonlife.rs\/en\/#\/schema\/logo\/image\/"}}]}},"post_mailing_queue_ids":[],"_links":{"self":[{"href":"https:\/\/prisonlife.rs\/en\/wp-json\/wp\/v2\/pages\/821","targetHints":{"allow":["GET"]}}],"collection":[{"href":"https:\/\/prisonlife.rs\/en\/wp-json\/wp\/v2\/pages"}],"about":[{"href":"https:\/\/prisonlife.rs\/en\/wp-json\/wp\/v2\/types\/page"}],"author":[{"embeddable":true,"href":"https:\/\/prisonlife.rs\/en\/wp-json\/wp\/v2\/users\/1"}],"replies":[{"embeddable":true,"href":"https:\/\/prisonlife.rs\/en\/wp-json\/wp\/v2\/comments?post=821"}],"version-history":[{"count":1,"href":"https:\/\/prisonlife.rs\/en\/wp-json\/wp\/v2\/pages\/821\/revisions"}],"predecessor-version":[{"id":908,"href":"https:\/\/prisonlife.rs\/en\/wp-json\/wp\/v2\/pages\/821\/revisions\/908"}],"wp:attachment":[{"href":"https:\/\/prisonlife.rs\/en\/wp-json\/wp\/v2\/media?parent=821"}],"curies":[{"name":"wp","href":"https:\/\/api.w.org\/{rel}","templated":true}]}}