{"id":822,"date":"2024-09-23T14:30:18","date_gmt":"2024-09-23T14:30:18","guid":{"rendered":"https:\/\/prisonlife.rs\/en\/?page_id=822"},"modified":"2024-09-30T13:48:35","modified_gmt":"2024-09-30T13:48:35","slug":"conference-papers","status":"publish","type":"page","link":"https:\/\/prisonlife.rs\/en\/conference-papers\/","title":{"rendered":"CONFERENCE PAPERS"},"content":{"rendered":"<p><a href=\"https:\/\/www.eurocrim2024.com\/_files\/ugd\/7a9c76_bfb40c73b0f5440ba38c8684f86a7de4.pdf\"><strong>Staff-Prisoner Relationships and Quality of Life in Serbian Prisons: Preliminary Research Findings (Mili\u0107evi\u0107, Iliji\u0107 &amp; Pavi\u0107evi\u0107, 2024)<\/strong><\/a><\/p>\n<p>A study of Serbian prisons found that positive staff-prisoner relationships, along with factors like safety, recreation, and mental health support, significantly contribute to the well-being of inmates.<\/p>\n<p><a href=\"https:\/\/www.eurocrim2024.com\/_files\/ugd\/7a9c76_bfb40c73b0f5440ba38c8684f86a7de4.pdf\"><strong>The Quality of Prison Life in Serbia: Criminological and Penological Characteristics (Vuji\u010di\u0107, Stevanovi\u0107 &amp; \u0106opi\u0107, 2024)<\/strong><\/a><\/p>\n<p>A study of Serbian prisons found that while inmates generally rated conditions and family contact positively, they were less satisfied with professionalism and staff conduct.<\/p>\n<p><a href=\"https:\/\/www.eurocrim2024.com\/_files\/ugd\/7a9c76_bfb40c73b0f5440ba38c8684f86a7de4.pdf\"><strong>Women in Prison in Serbia and the Quality of Prison Life (\u0106opi\u0107, Stevanovi\u0107 &amp; Vuji\u010di\u0107, 2024)<\/strong><\/a><\/p>\n<p>Female prisoners in Serbia generally rated conditions, family contact, harmony, and security positively, but had negative experiences with well-being, development, and professionalism.<\/p>\n<p><strong><a href=\"https:\/\/psihologija.unizd.hr\/Portals\/12\/XXIV%20Dani%20psihologije%20u%20Zadru%20-%20KNJIGA%20SA%C5%BDETAKA.pdf?ver=u2GJwY0FTLGpKZ7ngDiWbA%3d%3d\">Why dark personalities misbehave in prisons? The role of prison social climate (Me\u0111edovi\u0107 &amp; Pavlovi\u0107, 2024) <\/a><\/strong><\/p>\n<p>The authors examine how dark personality traits (Sadism, Psychopathy, Machiavellianism, and Narcissism) negatively influence prisoners&#8217; perceptions of their social environment, leading to increased misconduct.<\/p>\n<p><a href=\"http:\/\/institutecsr.iksi.ac.rs\/871\/1\/%C4%86opi%C4%87%2C%20Mili%C4%87evi%C4%87%2C%20Batri%C4%87evi%C4%87%2C%20Pavi%C4%87evi%C4%87%20%282023%29.%20Quality%20of%20prison%20life%20of%20female%20convicts%20in%20Serbia.pdf\"><strong>Quality of prison life of female convicts in serbia: Preliminary research findings (\u0106opi\u0107, Mili\u0107evi\u0107, Batri\u0107evi\u0107 &amp; Pavi\u0107evi\u0107, 2023)<\/strong><\/a><\/p>\n<p>Explore the initial PrisonLIFE findings on the quality of prison life for female convicts in Serbia.<\/p>\n<p>Discover key differences and insights, highlighting the need for improvements in the country\u2019s sole women\u2019s prison.<\/p>\n<p><a href=\"https:\/\/convention2.allacademic.com\/one\/esc\/esc23\/index.php?cmd=Online+Program+View+Paper&amp;selected_paper_id=2080736&amp;PHPSESSID=iu8u4s9cmskehhgkpe2fbtai38\"><strong>Gender perspective of quality of life and well-being in Serbian prisons: Preliminary findings (Mili\u0107evi\u0107, Iliji\u0107 &amp; Pavi\u0107evi\u0107, 2023)<\/strong><\/a><\/p>\n<p>Read about the differences in the health quality of life in Serbian prisons between convicted men and women.<\/p>\n<p>The first project results reveal that convicted women experience greater stress in physical, psychological and environmental quality of life compared to men, which indicates the need for practices aimed at improving their well-being.<\/p>\n","protected":false},"excerpt":{"rendered":"<p>Staff-Prisoner Relationships and Quality of Life in Serbian Prisons: Preliminary Research Findings (Mili\u0107evi\u0107, Iliji\u0107 &amp; Pavi\u0107evi\u0107, 2024) A study of Serbian prisons found that positive staff-prisoner relationships, along with factors &#8230;<\/p>\n","protected":false},"author":1,"featured_media":0,"parent":0,"menu_order":0,"comment_status":"closed","ping_status":"closed","template":"","meta":{"_monsterinsights_skip_tracking":false,"_monsterinsights_sitenote_active":false,"_monsterinsights_sitenote_note":"","_monsterinsights_sitenote_category":0,"footnotes":""},"class_list":["post-822","page","type-page","status-publish","hentry"],"aioseo_notices":[],"yoast_head":"<title>CONFERENCE PAPERS - PrisonLIFE<\/title>\n<meta name=\"description\" content=\"Puiblications - CONFERENCE PAPERS\" \/>\n<meta name=\"robots\" content=\"index, follow, max-snippet:-1, max-image-preview:large, max-video-preview:-1\" \/>\n<link rel=\"canonical\" href=\"https:\/\/prisonlife.rs\/en\/conference-papers\/\" \/>\n<meta property=\"og:locale\" content=\"en_US\" \/>\n<meta property=\"og:type\" content=\"article\" \/>\n<meta property=\"og:title\" content=\"CONFERENCE PAPERS - PrisonLIFE\" \/>\n<meta property=\"og:description\" content=\"Puiblications - CONFERENCE PAPERS\" \/>\n<meta property=\"og:url\" content=\"https:\/\/prisonlife.rs\/en\/conference-papers\/\" \/>\n<meta property=\"og:site_name\" content=\"PrisonLIFE\" \/>\n<meta property=\"article:modified_time\" content=\"2024-09-30T13:48:35+00:00\" \/>\n<meta name=\"twitter:card\" content=\"summary_large_image\" \/>\n<meta name=\"twitter:label1\" content=\"Est. reading time\" \/>\n\t<meta name=\"twitter:data1\" content=\"2 minutes\" \/>\n<script type=\"application\/ld+json\" class=\"yoast-schema-graph\">{\"@context\":\"https:\\\/\\\/schema.org\",\"@graph\":[{\"@type\":\"WebPage\",\"@id\":\"https:\\\/\\\/prisonlife.rs\\\/en\\\/conference-papers\\\/\",\"url\":\"https:\\\/\\\/prisonlife.rs\\\/en\\\/conference-papers\\\/\",\"name\":\"CONFERENCE PAPERS - PrisonLIFE\",\"isPartOf\":{\"@id\":\"https:\\\/\\\/prisonlife.rs\\\/en\\\/#website\"},\"datePublished\":\"2024-09-23T14:30:18+00:00\",\"dateModified\":\"2024-09-30T13:48:35+00:00\",\"description\":\"Puiblications - CONFERENCE PAPERS\",\"breadcrumb\":{\"@id\":\"https:\\\/\\\/prisonlife.rs\\\/en\\\/conference-papers\\\/#breadcrumb\"},\"inLanguage\":\"en-US\",\"potentialAction\":[{\"@type\":\"ReadAction\",\"target\":[\"https:\\\/\\\/prisonlife.rs\\\/en\\\/conference-papers\\\/\"]}]},{\"@type\":\"BreadcrumbList\",\"@id\":\"https:\\\/\\\/prisonlife.rs\\\/en\\\/conference-papers\\\/#breadcrumb\",\"itemListElement\":[{\"@type\":\"ListItem\",\"position\":1,\"name\":\"Home\",\"item\":\"https:\\\/\\\/prisonlife.rs\\\/en\\\/\"},{\"@type\":\"ListItem\",\"position\":2,\"name\":\"CONFERENCE PAPERS\"}]},{\"@type\":\"WebSite\",\"@id\":\"https:\\\/\\\/prisonlife.rs\\\/en\\\/#website\",\"url\":\"https:\\\/\\\/prisonlife.rs\\\/en\\\/\",\"name\":\"PrisonLIFE\",\"description\":\" \",\"publisher\":{\"@id\":\"https:\\\/\\\/prisonlife.rs\\\/en\\\/#organization\"},\"potentialAction\":[{\"@type\":\"SearchAction\",\"target\":{\"@type\":\"EntryPoint\",\"urlTemplate\":\"https:\\\/\\\/prisonlife.rs\\\/en\\\/?s={search_term_string}\"},\"query-input\":{\"@type\":\"PropertyValueSpecification\",\"valueRequired\":true,\"valueName\":\"search_term_string\"}}],\"inLanguage\":\"en-US\"},{\"@type\":\"Organization\",\"@id\":\"https:\\\/\\\/prisonlife.rs\\\/en\\\/#organization\",\"name\":\"PrisonLIFE\",\"url\":\"https:\\\/\\\/prisonlife.rs\\\/en\\\/\",\"logo\":{\"@type\":\"ImageObject\",\"inLanguage\":\"en-US\",\"@id\":\"https:\\\/\\\/prisonlife.rs\\\/en\\\/#\\\/schema\\\/logo\\\/image\\\/\",\"url\":\"https:\\\/\\\/prisonlife.rs\\\/en\\\/wp-content\\\/uploads\\\/2022\\\/02\\\/PrisonLIFE_logo_en_color_dark_web1.png\",\"contentUrl\":\"https:\\\/\\\/prisonlife.rs\\\/en\\\/wp-content\\\/uploads\\\/2022\\\/02\\\/PrisonLIFE_logo_en_color_dark_web1.png\",\"width\":156,\"height\":71,\"caption\":\"PrisonLIFE\"},\"image\":{\"@id\":\"https:\\\/\\\/prisonlife.rs\\\/en\\\/#\\\/schema\\\/logo\\\/image\\\/\"}}]}<\/script>","yoast_head_json":{"title":"CONFERENCE PAPERS - PrisonLIFE","description":"Puiblications - CONFERENCE PAPERS","robots":{"index":"index","follow":"follow","max-snippet":"max-snippet:-1","max-image-preview":"max-image-preview:large","max-video-preview":"max-video-preview:-1"},"canonical":"https:\/\/prisonlife.rs\/en\/conference-papers\/","og_locale":"en_US","og_type":"article","og_title":"CONFERENCE PAPERS - PrisonLIFE","og_description":"Puiblications - CONFERENCE PAPERS","og_url":"https:\/\/prisonlife.rs\/en\/conference-papers\/","og_site_name":"PrisonLIFE","article_modified_time":"2024-09-30T13:48:35+00:00","twitter_card":"summary_large_image","twitter_misc":{"Est. reading time":"2 minutes"},"schema":{"@context":"https:\/\/schema.org","@graph":[{"@type":"WebPage","@id":"https:\/\/prisonlife.rs\/en\/conference-papers\/","url":"https:\/\/prisonlife.rs\/en\/conference-papers\/","name":"CONFERENCE PAPERS - PrisonLIFE","isPartOf":{"@id":"https:\/\/prisonlife.rs\/en\/#website"},"datePublished":"2024-09-23T14:30:18+00:00","dateModified":"2024-09-30T13:48:35+00:00","description":"Puiblications - CONFERENCE PAPERS","breadcrumb":{"@id":"https:\/\/prisonlife.rs\/en\/conference-papers\/#breadcrumb"},"inLanguage":"en-US","potentialAction":[{"@type":"ReadAction","target":["https:\/\/prisonlife.rs\/en\/conference-papers\/"]}]},{"@type":"BreadcrumbList","@id":"https:\/\/prisonlife.rs\/en\/conference-papers\/#breadcrumb","itemListElement":[{"@type":"ListItem","position":1,"name":"Home","item":"https:\/\/prisonlife.rs\/en\/"},{"@type":"ListItem","position":2,"name":"CONFERENCE PAPERS"}]},{"@type":"WebSite","@id":"https:\/\/prisonlife.rs\/en\/#website","url":"https:\/\/prisonlife.rs\/en\/","name":"PrisonLIFE","description":" ","publisher":{"@id":"https:\/\/prisonlife.rs\/en\/#organization"},"potentialAction":[{"@type":"SearchAction","target":{"@type":"EntryPoint","urlTemplate":"https:\/\/prisonlife.rs\/en\/?s={search_term_string}"},"query-input":{"@type":"PropertyValueSpecification","valueRequired":true,"valueName":"search_term_string"}}],"inLanguage":"en-US"},{"@type":"Organization","@id":"https:\/\/prisonlife.rs\/en\/#organization","name":"PrisonLIFE","url":"https:\/\/prisonlife.rs\/en\/","logo":{"@type":"ImageObject","inLanguage":"en-US","@id":"https:\/\/prisonlife.rs\/en\/#\/schema\/logo\/image\/","url":"https:\/\/prisonlife.rs\/en\/wp-content\/uploads\/2022\/02\/PrisonLIFE_logo_en_color_dark_web1.png","contentUrl":"https:\/\/prisonlife.rs\/en\/wp-content\/uploads\/2022\/02\/PrisonLIFE_logo_en_color_dark_web1.png","width":156,"height":71,"caption":"PrisonLIFE"},"image":{"@id":"https:\/\/prisonlife.rs\/en\/#\/schema\/logo\/image\/"}}]}},"post_mailing_queue_ids":[],"_links":{"self":[{"href":"https:\/\/prisonlife.rs\/en\/wp-json\/wp\/v2\/pages\/822","targetHints":{"allow":["GET"]}}],"collection":[{"href":"https:\/\/prisonlife.rs\/en\/wp-json\/wp\/v2\/pages"}],"about":[{"href":"https:\/\/prisonlife.rs\/en\/wp-json\/wp\/v2\/types\/page"}],"author":[{"embeddable":true,"href":"https:\/\/prisonlife.rs\/en\/wp-json\/wp\/v2\/users\/1"}],"replies":[{"embeddable":true,"href":"https:\/\/prisonlife.rs\/en\/wp-json\/wp\/v2\/comments?post=822"}],"version-history":[{"count":0,"href":"https:\/\/prisonlife.rs\/en\/wp-json\/wp\/v2\/pages\/822\/revisions"}],"wp:attachment":[{"href":"https:\/\/prisonlife.rs\/en\/wp-json\/wp\/v2\/media?parent=822"}],"curies":[{"name":"wp","href":"https:\/\/api.w.org\/{rel}","templated":true}]}}