{"id":827,"date":"2024-09-23T14:31:52","date_gmt":"2024-09-23T14:31:52","guid":{"rendered":"https:\/\/prisonlife.rs\/en\/?page_id=827"},"modified":"2024-12-22T21:07:08","modified_gmt":"2024-12-22T21:07:08","slug":"miscellaneous","status":"publish","type":"page","link":"https:\/\/prisonlife.rs\/en\/miscellaneous\/","title":{"rendered":"MISCELLANEOUS"},"content":{"rendered":"<div><strong><a href=\"http:\/\/dcs.ien.bg.ac.rs\/64\/\">PrisonLIFE Project \u2013 Assessment and Possibilities for Improving the Quality of Prison Life of Prisoners in the Republic of Serbia [Dataset]<\/a><\/strong><br \/>\nThis dataset includes data on the quality of prison life in Serbia, focusing on criminological-penological, psychological, sociological, legal, and security aspects.<\/div>\n<p style=\"text-align: justify;\">\n<a href=\"https:\/\/zenodo.org\/records\/8253602\"><strong>PrisonLIFE project \u2013 Adaptation, translation equivalence and content validity of the MQPL survey in Serbian [dataset].<\/strong><\/a><\/p>\n<p>This dataset includes information about the adaptation process, translations, and content validity assessment of the Serbian version of the Measuring the Quality of Prison Life (MQPL) survey, along with details about participants in focus groups and their feedback.<\/p>\n<p style=\"text-align: justify;\"><a href=\"https:\/\/www.eurocrim2024.com\/_files\/ugd\/7a9c76_bfb40c73b0f5440ba38c8684f86a7de4.pdf\"><strong>Navigating the challenges of measuring prison climate<\/strong><\/a><\/p>\n<p style=\"text-align: justify;\">This roundtable at the 24th Annual Conference of the European Society of Criminology (EUROCRIM 2024) in Bucharest explored the methodological challenges of measuring prison climate across different jurisdictions, focusing on issues such as data reliability, ethical considerations, and cross-national comparability. Principal Investigator of the PrisonLIFE project, Milena Mili\u0107evi\u0107, participated in the discussion, which aimed to enhance global understanding and improve correctional environments.<\/p>\n<p style=\"text-align: justify;\"><a href=\"https:\/\/www.iksi.ac.rs\/izdanja\/factsheets_kvalitet_zatvorskog_zivota_rs.pdf\"><strong>PrisonLIFE Project Factsheets (PrisonLIFE team, 2023)<\/strong><\/a><\/p>\n<p style=\"text-align: justify;\">The results of the project so far are briefly presented.<br \/>\nSee our most important findings, conclusions and recommendations.<\/p>\n<div>\n<p><a href=\"https:\/\/heyzine.com\/flip-book\/01d5ab36d4.html\" target=\"_blank\" rel=\"noopener\"><strong>Catalog of photos (Batri\u0107evi\u0107 &amp; Drndarevi\u0107, 2024)<\/strong><\/a><\/p>\n<\/div>\n<div>The PrisonLIFE project has recently launched a digital catalogue, the\u00a0<i>PrisonLIFE photo exhibition<\/i>, which showcases a series of photographs from the project\u2019s field research in Belgrade District Prison. The collection provides a visual narrative of life inside Serbian prisons and serves as an extension of the project&#8217;s transdisciplinary approach to understanding the quality of prison life.<\/div>\n","protected":false},"excerpt":{"rendered":"<p>PrisonLIFE Project \u2013 Assessment and Possibilities for Improving the Quality of Prison Life of Prisoners in the Republic of Serbia [Dataset] This dataset includes data on the quality of prison &#8230;<\/p>\n","protected":false},"author":1,"featured_media":0,"parent":0,"menu_order":0,"comment_status":"closed","ping_status":"closed","template":"","meta":{"_monsterinsights_skip_tracking":false,"_monsterinsights_sitenote_active":false,"_monsterinsights_sitenote_note":"","_monsterinsights_sitenote_category":0,"footnotes":""},"class_list":["post-827","page","type-page","status-publish","hentry"],"aioseo_notices":[],"yoast_head":"<title>MISCELLANEOUS - PrisonLIFE<\/title>\n<meta name=\"description\" content=\"Publications - MISCELLANEOUS\" \/>\n<meta name=\"robots\" content=\"index, follow, max-snippet:-1, max-image-preview:large, max-video-preview:-1\" \/>\n<link rel=\"canonical\" href=\"https:\/\/prisonlife.rs\/en\/miscellaneous\/\" \/>\n<meta property=\"og:locale\" content=\"en_US\" \/>\n<meta property=\"og:type\" content=\"article\" \/>\n<meta property=\"og:title\" content=\"MISCELLANEOUS - PrisonLIFE\" \/>\n<meta property=\"og:description\" content=\"Publications - MISCELLANEOUS\" \/>\n<meta property=\"og:url\" content=\"https:\/\/prisonlife.rs\/en\/miscellaneous\/\" \/>\n<meta property=\"og:site_name\" content=\"PrisonLIFE\" \/>\n<meta property=\"article:modified_time\" content=\"2024-12-22T21:07:08+00:00\" \/>\n<meta name=\"twitter:card\" content=\"summary_large_image\" \/>\n<meta name=\"twitter:label1\" content=\"Est. reading time\" \/>\n\t<meta name=\"twitter:data1\" content=\"2 minutes\" \/>\n<script type=\"application\/ld+json\" class=\"yoast-schema-graph\">{\"@context\":\"https:\\\/\\\/schema.org\",\"@graph\":[{\"@type\":\"WebPage\",\"@id\":\"https:\\\/\\\/prisonlife.rs\\\/en\\\/miscellaneous\\\/\",\"url\":\"https:\\\/\\\/prisonlife.rs\\\/en\\\/miscellaneous\\\/\",\"name\":\"MISCELLANEOUS - PrisonLIFE\",\"isPartOf\":{\"@id\":\"https:\\\/\\\/prisonlife.rs\\\/en\\\/#website\"},\"datePublished\":\"2024-09-23T14:31:52+00:00\",\"dateModified\":\"2024-12-22T21:07:08+00:00\",\"description\":\"Publications - MISCELLANEOUS\",\"breadcrumb\":{\"@id\":\"https:\\\/\\\/prisonlife.rs\\\/en\\\/miscellaneous\\\/#breadcrumb\"},\"inLanguage\":\"en-US\",\"potentialAction\":[{\"@type\":\"ReadAction\",\"target\":[\"https:\\\/\\\/prisonlife.rs\\\/en\\\/miscellaneous\\\/\"]}]},{\"@type\":\"BreadcrumbList\",\"@id\":\"https:\\\/\\\/prisonlife.rs\\\/en\\\/miscellaneous\\\/#breadcrumb\",\"itemListElement\":[{\"@type\":\"ListItem\",\"position\":1,\"name\":\"Home\",\"item\":\"https:\\\/\\\/prisonlife.rs\\\/en\\\/\"},{\"@type\":\"ListItem\",\"position\":2,\"name\":\"MISCELLANEOUS\"}]},{\"@type\":\"WebSite\",\"@id\":\"https:\\\/\\\/prisonlife.rs\\\/en\\\/#website\",\"url\":\"https:\\\/\\\/prisonlife.rs\\\/en\\\/\",\"name\":\"PrisonLIFE\",\"description\":\" \",\"publisher\":{\"@id\":\"https:\\\/\\\/prisonlife.rs\\\/en\\\/#organization\"},\"potentialAction\":[{\"@type\":\"SearchAction\",\"target\":{\"@type\":\"EntryPoint\",\"urlTemplate\":\"https:\\\/\\\/prisonlife.rs\\\/en\\\/?s={search_term_string}\"},\"query-input\":{\"@type\":\"PropertyValueSpecification\",\"valueRequired\":true,\"valueName\":\"search_term_string\"}}],\"inLanguage\":\"en-US\"},{\"@type\":\"Organization\",\"@id\":\"https:\\\/\\\/prisonlife.rs\\\/en\\\/#organization\",\"name\":\"PrisonLIFE\",\"url\":\"https:\\\/\\\/prisonlife.rs\\\/en\\\/\",\"logo\":{\"@type\":\"ImageObject\",\"inLanguage\":\"en-US\",\"@id\":\"https:\\\/\\\/prisonlife.rs\\\/en\\\/#\\\/schema\\\/logo\\\/image\\\/\",\"url\":\"https:\\\/\\\/prisonlife.rs\\\/en\\\/wp-content\\\/uploads\\\/2022\\\/02\\\/PrisonLIFE_logo_en_color_dark_web1.png\",\"contentUrl\":\"https:\\\/\\\/prisonlife.rs\\\/en\\\/wp-content\\\/uploads\\\/2022\\\/02\\\/PrisonLIFE_logo_en_color_dark_web1.png\",\"width\":156,\"height\":71,\"caption\":\"PrisonLIFE\"},\"image\":{\"@id\":\"https:\\\/\\\/prisonlife.rs\\\/en\\\/#\\\/schema\\\/logo\\\/image\\\/\"}}]}<\/script>","yoast_head_json":{"title":"MISCELLANEOUS - PrisonLIFE","description":"Publications - MISCELLANEOUS","robots":{"index":"index","follow":"follow","max-snippet":"max-snippet:-1","max-image-preview":"max-image-preview:large","max-video-preview":"max-video-preview:-1"},"canonical":"https:\/\/prisonlife.rs\/en\/miscellaneous\/","og_locale":"en_US","og_type":"article","og_title":"MISCELLANEOUS - PrisonLIFE","og_description":"Publications - MISCELLANEOUS","og_url":"https:\/\/prisonlife.rs\/en\/miscellaneous\/","og_site_name":"PrisonLIFE","article_modified_time":"2024-12-22T21:07:08+00:00","twitter_card":"summary_large_image","twitter_misc":{"Est. reading time":"2 minutes"},"schema":{"@context":"https:\/\/schema.org","@graph":[{"@type":"WebPage","@id":"https:\/\/prisonlife.rs\/en\/miscellaneous\/","url":"https:\/\/prisonlife.rs\/en\/miscellaneous\/","name":"MISCELLANEOUS - PrisonLIFE","isPartOf":{"@id":"https:\/\/prisonlife.rs\/en\/#website"},"datePublished":"2024-09-23T14:31:52+00:00","dateModified":"2024-12-22T21:07:08+00:00","description":"Publications - MISCELLANEOUS","breadcrumb":{"@id":"https:\/\/prisonlife.rs\/en\/miscellaneous\/#breadcrumb"},"inLanguage":"en-US","potentialAction":[{"@type":"ReadAction","target":["https:\/\/prisonlife.rs\/en\/miscellaneous\/"]}]},{"@type":"BreadcrumbList","@id":"https:\/\/prisonlife.rs\/en\/miscellaneous\/#breadcrumb","itemListElement":[{"@type":"ListItem","position":1,"name":"Home","item":"https:\/\/prisonlife.rs\/en\/"},{"@type":"ListItem","position":2,"name":"MISCELLANEOUS"}]},{"@type":"WebSite","@id":"https:\/\/prisonlife.rs\/en\/#website","url":"https:\/\/prisonlife.rs\/en\/","name":"PrisonLIFE","description":" ","publisher":{"@id":"https:\/\/prisonlife.rs\/en\/#organization"},"potentialAction":[{"@type":"SearchAction","target":{"@type":"EntryPoint","urlTemplate":"https:\/\/prisonlife.rs\/en\/?s={search_term_string}"},"query-input":{"@type":"PropertyValueSpecification","valueRequired":true,"valueName":"search_term_string"}}],"inLanguage":"en-US"},{"@type":"Organization","@id":"https:\/\/prisonlife.rs\/en\/#organization","name":"PrisonLIFE","url":"https:\/\/prisonlife.rs\/en\/","logo":{"@type":"ImageObject","inLanguage":"en-US","@id":"https:\/\/prisonlife.rs\/en\/#\/schema\/logo\/image\/","url":"https:\/\/prisonlife.rs\/en\/wp-content\/uploads\/2022\/02\/PrisonLIFE_logo_en_color_dark_web1.png","contentUrl":"https:\/\/prisonlife.rs\/en\/wp-content\/uploads\/2022\/02\/PrisonLIFE_logo_en_color_dark_web1.png","width":156,"height":71,"caption":"PrisonLIFE"},"image":{"@id":"https:\/\/prisonlife.rs\/en\/#\/schema\/logo\/image\/"}}]}},"post_mailing_queue_ids":[],"_links":{"self":[{"href":"https:\/\/prisonlife.rs\/en\/wp-json\/wp\/v2\/pages\/827","targetHints":{"allow":["GET"]}}],"collection":[{"href":"https:\/\/prisonlife.rs\/en\/wp-json\/wp\/v2\/pages"}],"about":[{"href":"https:\/\/prisonlife.rs\/en\/wp-json\/wp\/v2\/types\/page"}],"author":[{"embeddable":true,"href":"https:\/\/prisonlife.rs\/en\/wp-json\/wp\/v2\/users\/1"}],"replies":[{"embeddable":true,"href":"https:\/\/prisonlife.rs\/en\/wp-json\/wp\/v2\/comments?post=827"}],"version-history":[{"count":3,"href":"https:\/\/prisonlife.rs\/en\/wp-json\/wp\/v2\/pages\/827\/revisions"}],"predecessor-version":[{"id":911,"href":"https:\/\/prisonlife.rs\/en\/wp-json\/wp\/v2\/pages\/827\/revisions\/911"}],"wp:attachment":[{"href":"https:\/\/prisonlife.rs\/en\/wp-json\/wp\/v2\/media?parent=827"}],"curies":[{"name":"wp","href":"https:\/\/api.w.org\/{rel}","templated":true}]}}